{"id":1332,"date":"2014-10-09T09:20:28","date_gmt":"2014-10-09T09:20:28","guid":{"rendered":"http:\/\/empanishproductions.com\/?page_id=1332"},"modified":"2016-05-27T04:28:43","modified_gmt":"2016-05-27T04:28:43","slug":"crossover-filming-release-date-2015","status":"publish","type":"page","link":"https:\/\/empanishproductions.com\/?page_id=1332","title":{"rendered":"<!--:en-->Crossover (2015)<!--:--><!--:zh-->(2015)<!--:--><!--:es-->Crossover (2015)<!--:-->"},"content":{"rendered":"<p><!--:en-->Madrid and Taipei are 10,000 km away from each other. In each city a woman wants to tell her best friend that she\u2019s dying. Are they four women or only two? That\u2019s the story line of \u201cCrossover\u201d \u300a\u621a\u621a\u300b, the most ambitious (and expensive) work of director Enrique Amador.<\/p>\n<p>Half away trough the Spanish shooting, the main actress disappeared (without a trace), which together with the production expenses (by duplicate) and the obvious challenge of having to film in different countries and languages made it even more complicated. All of it entertained the director and his team, formed by close friends and great professionals (also friends). The director\u2019s baldness hasn\u2019t get worse, maybe because that perfect and shiny circumference which is his head didn\u2019t have many hairs to drop to start by, but they do have turn white his entire beard. As life is full of ups and downs, the effort has relieve his body of 8 kilograms, an scary news in most people, but seeing his weight\u2019s starting point it has been received with joy and cheers by the director, friends and neighbors down his flat.<\/p>\n<p>\u201cI think the effort has been worth it. We have done something special with Crossover. To tell a story in different countries and through different characters. Not as a cultural comparative analysis, but as a unique way of storytelling. What the characters feel and the things going on in their lives, are the same? Are feelings universal? Why limit oneself to describe them with only one person and location?\u201d<\/p>\n<p>[masterslider id=29]<!--:--><!--:zh-->\u76f8\u8ddd1\u842c\u516c\u91cc\u9060\u7684\u53f0\u5317\u8207\u99ac\u5fb7\u91cc\uff0c\u5404\u6709\u4e00\u4f4d\u5973\u6027\u6b63\u6e96\u5099\u544a\u8a34\u5979\u6700\u597d\u7684\u670b\u53cb\u5979\u7684\u6b7b\u8a0a\u3002\u9019\u662f\u56db\u4f4d\u5973\u6027\u7684\u6545\u4e8b\uff0c\u6216\u53ea\u662f\u5169\u4f4d\uff1f\u9019\u662f\u96fb\u5f71Crossover \u300a\u621a\u621a\u300b\u7684\u6545\u4e8b\u67b6\u69cb\uff0c\u5c0e\u6f14\u6069\u91cc\u683c\u3002\u4e9e\u746a\u591a\u6700\u5049\u5927(\u4e5f\u6700\u8cb4)\u7684\u96fb\u5f71\u3002<\/p>\n<p>\u96fb\u5f71\u5728\u99ac\u5fb7\u91cc\u62cd\u651d\u5b8c\u6210\u4e00\u534a\u6642\uff0c\u5973\u4e3b\u89d2\u6d88\u5931\u7121\u8e64(\u9019\u4e0d\u662f\u96fb\u5f71\u7684\u6545\u4e8b\uff0c\u9019\u662f\u4e8b\u5be6\uff01)\u3002\u96a8\u4e4b\u800c\u4f86\u7684\u662f\u5169\u500d\u7684\u62cd\u651d\u6642\u9593\u8207\u8cbb\u7528\uff0c\u52a0\u4e0a\u539f\u672c\u5c31\u662f\u8de8\u5730\u62cd\u651d\u7684\u6545\u4e8b\u60c5\u7bc0\uff0c\u9019\u4e00\u5207\u90fd\u8b93\u9019\u90e8\u96fb\u5f71\u66f4\u5177\u8271\u8f9b\u8207\u6311\u6230\u3002\u4f46\u9019\u4e00\u5207\u8b93\u5c0e\u6f14\u8207\u7531\u597d\u53cb(\u540c\u6642\u4e5f\u662f\u5c08\u696d\u96fb\u5f71\u5de5\u4f5c\u8005)\u7d44\u6210\u7684\u62cd\u651d\u5718\u968a\u89ba\u5f97\u975e\u5e38\u5e7d\u9ed8\u3002\u9019\u4e9b\u8f9b\u82e6\u7684\u904e\u7a0b\uff0c\u4e26\u6c92\u6709\u8b93\u5c0e\u6f14\u539f\u672c\u5c31\u5f88\u300c\u7cbe\u5149\u300d\u7684\u982d\u9802\u52a0\u5287\u6389\u9aee\uff0c\u4f46\u5012\u662f\u8b93\u5c0e\u6f14\u7684\u843d\u816e\u9b0d\u767d\u4e86\u4e00\u5927\u7247\u3002\u7136\u800c\uff0c\u751f\u547d\u4e2d\u7684\u8d77\u843d\u662f\u516c\u5e73\u7684\uff0c\u58d3\u529b\u8b93\u5728\u6bdb\u9aee\u90e8\u4efd\u53d7\u5275\u7684\u5c0e\u6f14\uff0c\u63db\u4f86\u93df\u63898\u516c\u65a4\u7684\u9ad4\u8089\uff01\u800c\u9019\u500b\u9a5a\u4eba\u7684\u6d88\u606f\uff0c\u8b93\u5c0e\u6f14\u3001\u89aa\u53cb\u8207\u6a13\u4e0b\u8001\u738b\u90fd\u611f\u5230\u975e\u5e38\u6b23\u6170\u3002<\/p>\n<p>\u300c\u9019\u4e00\u5207\u7684\u4ed8\u51fa\u90fd\u662f\u503c\u5f97\u7684\uff0c\u6211\u5011\u505a\u4e86\u65b0\u7684\u5617\u8a66\u5728\u201cCrossover\u201d\u300a\u621a\u621a\u300b\u88e1\u3002\u5728\u4e0d\u540c\u7684\u570b\u5bb6\uff0c\u4ee5\u4e0d\u540c\u7684\u89d2\u8272\u500b\u6027\uff0c\u8aaa\u540c\u4e00\u500b\u6545\u4e8b\u3002\u4f46\u9019\u4e26\u4e0d\u662f\u4e00\u500b\u8de8\u6587\u5316\u7684\u63a2\u8a0e\uff0c\u800c\u662f\u4e00\u500b\u7279\u5225\u7684\u8aaa\u6545\u4e8b\u65b9\u5f0f\u3002\u5b83\u8a34\u8aaa\u8457\u89d2\u8272\u9593\u76f8\u540c\u7684\u611f\u53d7\u548c\u4e8b\u7269\uff0c\u5728\u5c0d\u65bc\u300e\u60c5\u611f\u300f\u7684\u53cd\u61c9\u662f\u653e\u8af8\u56db\u6d77\u7686\u6e96\u7684\uff0c\u90a3\u53c8\u4f55\u5fc5\u53ea\u5c07\u6545\u4e8b\u9650\u5236\u65bc\u55ae\u4e00\u7684\u89d2\u8272\u548c\u570b\u5bb6\uff1f\u300d\u5c0e\u6f14\u6069\u91cc\u683c\u5982\u662f\u8aaa\u3002[masterslider id=29]<!--:--><!--:es-->10.000 km separan Taip\u00e9i de Madrid. En cada ciudad una mujer quiere decir a su mejor amiga que se muere. \u00bfSon cuatro mujeres o son s\u00f3lo dos? Este es el argumento de \u201cCrossover\u201d \u300a\u621a\u621a\u300b la m\u00e1s ambiciosa (y costosa) pel\u00edcula de Enrique Amador.<\/p>\n<p>En medio del rodaje madrile\u00f1o se esfum\u00f3 sin dejar rastro una de las actrices protagonistas, lo que se uni\u00f3 a los gastos duplicados y a las complicaciones derivadas de rodar en lugares e idiomas diferentes. Hubo que filmar de nuevo la parte espa\u00f1ola, por lo que el rodaje dur\u00f3 m\u00e1s de un a\u00f1o. Todo ello divirti\u00f3 mucho al director y a todo su equipo formado por amigos \u00edntimos y grandes profesionales (tambi\u00e9n amigos). La alopecia del director no se ha agravado, dado que en esa perfecta y brillante circunferencia que es su cabezota no quedaban muchos pelos que pudieran caerse, pero s\u00ed que se ha vuelto casi blanca la barba que cubr\u00eda su cara. Como no hay una de cal sin otra de arena, el esfuerzo realizado le ha liberado de ocho kilos lo que, dado su peso inicial, ha sido acogido con j\u00fabilo por el propio director, personas de su entorno y vecinos de abajo.<\/p>\n<p>\u201cCreo que el esfuerzo ha merecido la pena. Hemos conseguido hacer algo especial con Crossover. Contar una historia en diferentes pa\u00edses y con diferentes personajes. No como un an\u00e1lisis comparativo cultural, sino como una forma \u00fanica de narraci\u00f3n. Lo que sucede en la vida de los personajes y lo que \u00e9stos experimentan \u00bfes lo mismo? \u00bfLos sentimientos son universales? \u00bfPor qu\u00e9 limitarse a describirlos con una sola persona y lugar?\u201d.<\/p>\n<p>[masterslider id=29]<!--:--><\/p>\n","protected":false},"excerpt":{"rendered":"<p>Madrid and Taipei are 10,000 km away from each other. In each city a woman wants to tell her best friend that she\u2019s dying. Are they four women or only two? That\u2019s the story line of \u201cCrossover\u201d \u300a\u621a\u621a\u300b, the most ambitious (and expensive) work of director Enrique Amador. Half away trough the Spanish shooting, the [&hellip;]<\/p>\n","protected":false},"author":1001002,"featured_media":0,"parent":0,"menu_order":0,"comment_status":"closed","ping_status":"closed","template":"","meta":{"footnotes":""},"class_list":["post-1332","page","type-page","status-publish","hentry"],"_links":{"self":[{"href":"https:\/\/empanishproductions.com\/index.php?rest_route=\/wp\/v2\/pages\/1332","targetHints":{"allow":["GET"]}}],"collection":[{"href":"https:\/\/empanishproductions.com\/index.php?rest_route=\/wp\/v2\/pages"}],"about":[{"href":"https:\/\/empanishproductions.com\/index.php?rest_route=\/wp\/v2\/types\/page"}],"author":[{"embeddable":true,"href":"https:\/\/empanishproductions.com\/index.php?rest_route=\/wp\/v2\/users\/1001002"}],"replies":[{"embeddable":true,"href":"https:\/\/empanishproductions.com\/index.php?rest_route=%2Fwp%2Fv2%2Fcomments&post=1332"}],"version-history":[{"count":12,"href":"https:\/\/empanishproductions.com\/index.php?rest_route=\/wp\/v2\/pages\/1332\/revisions"}],"predecessor-version":[{"id":2083,"href":"https:\/\/empanishproductions.com\/index.php?rest_route=\/wp\/v2\/pages\/1332\/revisions\/2083"}],"wp:attachment":[{"href":"https:\/\/empanishproductions.com\/index.php?rest_route=%2Fwp%2Fv2%2Fmedia&parent=1332"}],"curies":[{"name":"wp","href":"https:\/\/api.w.org\/{rel}","templated":true}]}}