{"id":1493,"date":"2014-10-13T08:25:51","date_gmt":"2014-10-13T08:25:51","guid":{"rendered":"http:\/\/empanishproductions.com\/?page_id=1493"},"modified":"2015-02-25T09:48:44","modified_gmt":"2015-02-25T09:48:44","slug":"jesus-robisco-2-2","status":"publish","type":"page","link":"https:\/\/empanishproductions.com\/?page_id=1493","title":{"rendered":"<!--:en-->Jes\u00fas Robisco<!--:--><!--:zh-->Jes\u00fas Robisco<!--:--><!--:es-->Jes\u00fas Robisco<!--:-->"},"content":{"rendered":"<p><!--:en-->[masterslider id=31]<\/p>\n<p><!--:--><!--:zh-->[masterslider id=31]<\/p>\n<p><!--:--><!--:es-->[masterslider id=31]<\/p>\n<p><!--:--><\/p>\n","protected":false},"excerpt":{"rendered":"<p>[masterslider id=31] [masterslider id=31] [masterslider id=31]<\/p>\n","protected":false},"author":1001004,"featured_media":0,"parent":0,"menu_order":0,"comment_status":"closed","ping_status":"closed","template":"","meta":{"footnotes":""},"class_list":["post-1493","page","type-page","status-publish","hentry"],"_links":{"self":[{"href":"https:\/\/empanishproductions.com\/index.php?rest_route=\/wp\/v2\/pages\/1493","targetHints":{"allow":["GET"]}}],"collection":[{"href":"https:\/\/empanishproductions.com\/index.php?rest_route=\/wp\/v2\/pages"}],"about":[{"href":"https:\/\/empanishproductions.com\/index.php?rest_route=\/wp\/v2\/types\/page"}],"author":[{"embeddable":true,"href":"https:\/\/empanishproductions.com\/index.php?rest_route=\/wp\/v2\/users\/1001004"}],"replies":[{"embeddable":true,"href":"https:\/\/empanishproductions.com\/index.php?rest_route=%2Fwp%2Fv2%2Fcomments&post=1493"}],"version-history":[{"count":5,"href":"https:\/\/empanishproductions.com\/index.php?rest_route=\/wp\/v2\/pages\/1493\/revisions"}],"predecessor-version":[{"id":1648,"href":"https:\/\/empanishproductions.com\/index.php?rest_route=\/wp\/v2\/pages\/1493\/revisions\/1648"}],"wp:attachment":[{"href":"https:\/\/empanishproductions.com\/index.php?rest_route=%2Fwp%2Fv2%2Fmedia&parent=1493"}],"curies":[{"name":"wp","href":"https:\/\/api.w.org\/{rel}","templated":true}]}}