{"id":186,"date":"2014-03-16T10:47:27","date_gmt":"2014-03-16T10:47:27","guid":{"rendered":"http:\/\/empanishproductions.com\/?page_id=186"},"modified":"2016-05-27T04:32:12","modified_gmt":"2016-05-27T04:32:12","slug":"enrique-amador2","status":"publish","type":"page","link":"https:\/\/empanishproductions.com\/","title":{"rendered":"<!--:en-->ENRIQUE AMADOR<!--:--><!--:zh-->ENRIQUE AMADOR<!--:--><!--:es-->ENRIQUE AMADOR<!--:-->"},"content":{"rendered":"<p><!--:en--><strong>Director\u2019s Bio<\/strong><\/p>\n<p style=\"text-align: justify;\">Enrique Amador was born in\u00a0Spain. After completing undergrad studies in Physical Education and Piano, when he was 23 years old, he went to Taiwan to learn more about Martial Arts and making movies. Then he studied Mandarin, and later obtained a Masters Degree in Applied Media in Taiwan National University of Arts. He has written, produced and directed over ten movies (including shorts and full length movies). His last movie, \u00abCrossover\u00bb was included in many festival around the world and ended up winning some prizes.<\/p>\n<p style=\"text-align: justify;\">His company, Empanish Productions, shoots publicity videos and when needed he also works as a cameraman and photographer. He is also a writer, freelancing for several Spanish magazines and is trying to publish his first full-length novel, written in Spanish but set in Taiwan.<\/p>\n<p>[masterslider id=\u00bb4&#8243;]<\/p>\n<p><!--:--><!--:zh--><\/p>\n<p style=\"text-align: justify;\">\u5728\u897f\u73ed\u7259\u51fa\u751f\u7684\u6069\u91cc\u683c\uff0c\u5927\u5b78\u4e3b\u4fee\u9ad4\u80b2\u53ca\u92fc\u7434\u3002\u4ed6\u572823\u6b72\u6642\u4f86\u5230\u5bf6\u5cf6\u53f0\u7063\u5b78\u7fd2\u6b66\u8853\u548c\u62cd\u96fb\u5f71\uff0c\u7576\u7136\u540c\u6642\u4e5f\u5b78\u7fd2\u4e2d\u6587\uff0c\u4e4b\u5f8c\u9032\u5165\u53f0\u7063\u85dd\u8853\u5927\u5b78\u7814\u7a76\u6240\u5c31\u8b80\u61c9\u7528\u5a92\u9ad4\u6240\u5f97\u5230\u78a9\u58eb\u5b78\u4f4d\u3002\u4ed6\u5f9e\u4e8b\u591a\u6a23\u85dd\u8853\u5275\u4f5c\uff0c\u5305\u62ec\u70ba\u8d85\u904e\u5341\u90e8\u96fb\u5f71\u9577\u77ed\u7247\u64b0\u5beb\u5287\u672c\uff0c\u88fd\u7247\uff0c\u53ca\u64d4\u4efb\u5c0e\u6f14\u3002\u4ed6\u4e5f\u662f\u4f4d\u4f5c\u5bb6\uff0c\u70ba\u6578\u672c\u897f\u73ed\u7259\u96dc\u8a8c\u64b0\u7a3f\uff0c\u800c\u4e14\u5373\u5c07\u51fa\u7248\u500b\u4eba\u7b2c\u4e00\u90e8\uff0c\u4ee5\u897f\u73ed\u7259\u6587\u66f8\u5beb\uff0c\u800c\u80cc\u666f\u8a2d\u5728\u53f0\u7063\u7684\u9577\u7bc7\u5c0f\u8aaa\u3002<\/p>\n<p>[masterslider id=\u00bb4&#8243;]<\/p>\n<p><!--:--><!--:es--><strong>Biograf\u00eda del director<\/strong><\/p>\n<p style=\"text-align: justify;\">Enrique Amador naci\u00f3 en Espa\u00f1a. Despu\u00e9s de completar sus estudios de Diplomado en Educaci\u00f3n F\u00edsica y piano, cuando ten\u00eda 23 a\u00f1os, se fue a Taiwan para aprender m\u00e1s acerca de Artes Marciales y hacer pel\u00edculas. Luego estudi\u00f3 mandar\u00edn, y m\u00e1s tarde obtuvo una maestr\u00eda en Medios de Comunicaci\u00f3n Aplicada en la Universidad Nacional de Artes de Taiwan. Ha escrito, producido y dirigido m\u00e1s de diez pel\u00edculas (cortometrajes y largometrajes). Su \u00faltima pel\u00edcula, \u00abCrossover\u00bb particip\u00f3 en festivales de cine por todo el mundo y terminn\u00f3 ganando varios premios.<\/p>\n<p style=\"text-align: justify;\">Su compa\u00f1\u00eda, Empanish Productions, tambi\u00e9n filma v\u00eddeos comerciales a demanda.<br \/>\nCuando tiene tiempo escribe como escritor freelancer para varias revistas espa\u00f1olas y ahora est\u00e1 a punto de publicar su primera novela larga, escrita en espa\u00f1ol, pero ambientada en Taiwan.<\/p>\n<p>[masterslider id=\u00bb4&#8243;]<\/p>\n<p><!--:--><\/p>\n","protected":false},"excerpt":{"rendered":"<p>Director\u2019s Bio Enrique Amador was born in\u00a0Spain. After completing undergrad studies in Physical Education and Piano, when he was 23 years old, he went to Taiwan to learn more about Martial Arts and making movies. Then he studied Mandarin, and later obtained a Masters Degree in Applied Media in Taiwan National University of Arts. He [&hellip;]<\/p>\n","protected":false},"author":1001004,"featured_media":0,"parent":0,"menu_order":0,"comment_status":"closed","ping_status":"closed","template":"","meta":{"footnotes":""},"class_list":["post-186","page","type-page","status-publish","hentry"],"_links":{"self":[{"href":"https:\/\/empanishproductions.com\/index.php?rest_route=\/wp\/v2\/pages\/186","targetHints":{"allow":["GET"]}}],"collection":[{"href":"https:\/\/empanishproductions.com\/index.php?rest_route=\/wp\/v2\/pages"}],"about":[{"href":"https:\/\/empanishproductions.com\/index.php?rest_route=\/wp\/v2\/types\/page"}],"author":[{"embeddable":true,"href":"https:\/\/empanishproductions.com\/index.php?rest_route=\/wp\/v2\/users\/1001004"}],"replies":[{"embeddable":true,"href":"https:\/\/empanishproductions.com\/index.php?rest_route=%2Fwp%2Fv2%2Fcomments&post=186"}],"version-history":[{"count":39,"href":"https:\/\/empanishproductions.com\/index.php?rest_route=\/wp\/v2\/pages\/186\/revisions"}],"predecessor-version":[{"id":2084,"href":"https:\/\/empanishproductions.com\/index.php?rest_route=\/wp\/v2\/pages\/186\/revisions\/2084"}],"wp:attachment":[{"href":"https:\/\/empanishproductions.com\/index.php?rest_route=%2Fwp%2Fv2%2Fmedia&parent=186"}],"curies":[{"name":"wp","href":"https:\/\/api.w.org\/{rel}","templated":true}]}}