{"id":278,"date":"2014-03-29T09:49:59","date_gmt":"2014-03-29T09:49:59","guid":{"rendered":"http:\/\/empanishproductions.com\/?page_id=278"},"modified":"2014-10-08T03:29:08","modified_gmt":"2014-10-08T03:29:08","slug":"delivery-kid-2","status":"publish","type":"page","link":"https:\/\/empanishproductions.com\/?page_id=278","title":{"rendered":"<!--:en-->Delivery Kid (2005)<!--:--><!--:zh-->Delivery Kid, \u897f\u73ed\u7259-\u53f0\u7063, 2005<!--:--><!--:es-->Delivery Kid (2005)<!--:-->"},"content":{"rendered":"<p><!--:en-->The story of a kid who makes deliveries on his bike, spends his days dreaming about kung fu and is hopelessly in love with a girl that sells orange juice on the street. He is extremely shy but trains himself to express his feelings for the girl just as hard as he trains in kung fu. One day while making a delivery he bumps into a mafia thug and their packages get mixed up. Then his problems begin precisely when he has gathered the courage to start courting the girl.<\/p>\n<p>[masterslider id=24]<\/p>\n<p>Duration: 95 min<br \/>\nLanguage: Spanish<br \/>\nSubtitles: Chinese\/English<\/p>\n<p>Directed by: Enrique Amador<\/p>\n<p>Written by: Enrique Amador<\/p>\n<p>Produced by: Enrique Amador<\/p>\n<p>Camera Crew: Lan Tse-Yu, Xavi Altay\u00f3, Zhao Jing, Bruce Wu<\/p>\n<p>Director of Photography: Jes\u00fas Robisco<\/p>\n<p>Action Choreography: Enrique Amador &amp; Empanish Group<\/p>\n<p>Film Editing by: Enrique Amador<\/p>\n<p>Assistant Director: Pedro Gaviria<\/p>\n<p>Art Direction by: Min Na Young<\/p>\n<p>Chinese Subtitles by: Ver\u00f3nica Hsu<\/p>\n<p><b>Cast:<\/b><\/p>\n<p>Enrique Amador<\/p>\n<p>Chuang Hai-Hua<\/p>\n<p>Concha Mouchet<\/p>\n<p>Elena Mouchet<\/p>\n<p>Pedro Gaviria<\/p>\n<p>Juan Pablo Carrasco<\/p>\n<p>Josele \u201cValetudo\u201d<\/p>\n<p>Carlos Valero<\/p>\n<p>Julio Higuero<\/p>\n<p>\u00c1lvaro Rodriguez<\/p>\n<p>Jose \u201cPadrino\u201d Brown<\/p>\n<p>Cecilia Yeung<\/p>\n<p>Deni Hidayat<\/p>\n<p>Shutaro Koiwa<\/p>\n<p>Akina Masuda<\/p>\n<p>Antonio Amador<\/p>\n<p>Carmen Mouchet<\/p>\n<p>Phillip Brinks<\/p>\n<p>Lee Young Hwa<\/p>\n<p>Lim Eun Jeong<\/p>\n<p>Tien Quoc Nam<\/p>\n<p>Javi Delgado<\/p>\n<p>Juan Sanmart\u00edn<\/p>\n<p>Ken Lai<\/p>\n<p>Peter Chen<\/p>\n<p>Emilio Alpanseque<\/p>\n<p>Mickael Pommier<\/p>\n<p>Guillermo Caballero<\/p>\n<p>Wing Chu<\/p>\n<p>Hsu Ching<\/p>\n<p>Li Hua<\/p>\n<p>Min Na Young<!--:--><!--:zh-->\u9019\u500b\u6545\u4e8b\u662f\u5728\u6558\u8ff0\u4e00\u500b\u5e74\u8f15\u7684\u5c0f\u9b3c\uff0c\u4ed6\u7684\u8077\u696d\u662f\u8173\u8e0f\u8eca\u5feb\u905e\uff0c\u4f46\u662f\u6574\u5929\u90fd\u5728\u5922\u60f3\u8457\u6210\u70ba\u529f\u592b\u9ad8\u624b\uff0c\u540c\u6642\u4ed6\u4e5f\u7121\u53ef\u5c31\u8981\u611b\u4e0a\u4e86\u4e00\u500b\u5728\u8857\u4e0a\u8ce3\u67f3\u4e01\u6c41\u7684\u5973\u5b69\u3002\u4ed6\u975e\u5e38\u5bb3\u7f9e\uff0c\u9664\u4e86\u5728\u529f\u592b\u7684\u4fee\u70ba\u4e0a\u81ea\u6211\u8a13\u7df4\uff0c\u4e5f\u52aa\u529b\u7df4\u7fd2\u8868\u9054\u81ea\u5df1\u5c0d\u90a3\u500b\u5973\u5b69\u7684\u60c5\u611f\u3002\u6709\u4e00\u5929\uff0c\u4ed6\u5728\u9001\u8ca8\u7684\u8def\u4e0a\uff0c\u9047\u898b\u4e86\u4e00\u500b\u5c0f\u6df7\u6df7\uff0c\u4e0d\u5c0f\u5fc3\u62ff\u932f\u4e86\u5305\u88f9\u3002\u9019\u6642\u4ed6\u597d\u4e0d\u5bb9\u6613\u624d\u63d0\u8d77\u4e86\u52c7\u6c23\u60f3\u5c0d\u5973\u5b69\u544a\u767d\uff0c\u4f46\u662f\u4ed6\u7684\u9ebb\u7169\u4e5f\u96a8\u4e4b\u800c\u4f86\u2026<\/p>\n<p>[masterslider id=24]<\/p>\n<p>\u7247\u9577: 95\u5206<br \/>\n\u767c\u97f3: \u897f\u73ed\u7259\u6587<br \/>\n\u5b57\u5e55: \u4e2d\u6587\/\u82f1\u6587<\/p>\n<p>\u5c0e\u6f14: Enrique Amador<\/p>\n<p>\u7de8\u5287: Enrique Amador<\/p>\n<p>\u88fd\u7247: Enrique Amador<\/p>\n<p>\u651d\u5f71: Lan Tse-Yu, Xavi Altay\u00f3, Zhao Jing, Bruce Wu<\/p>\n<p>\u71c8\u5149\u6307\u5c0e: Jes\u00fas Robisco<\/p>\n<p>\u6b66\u8853\u6307\u5c0e: Enrique Amador &amp; Empanish Group<\/p>\n<p>\u526a\u63a5: Enrique Amador<\/p>\n<p>\u52a9\u7406\u5c0e\u6f14: Pedro Gaviria<\/p>\n<p>\u7f8e\u8853\u6307\u5c0e: Min Na Young<\/p>\n<p>\u4e2d\u6587\u5b57\u5e55: Ver\u00f3nica Hsu<\/p>\n<p><b>\u6f14\u54e1\u8868<\/b><b>:<\/b><\/p>\n<p>Enrique Amador<\/p>\n<p>Chuang Hai-Hua<\/p>\n<p>Concha Mouchet<\/p>\n<p>Elena Mouchet<\/p>\n<p>Pedro Gaviria<\/p>\n<p>Juan Pablo Carrasco<\/p>\n<p>Josele \u201cValetudo\u201d<\/p>\n<p>Carlos Valero<\/p>\n<p>Julio Higuero<\/p>\n<p>\u00c1lvaro Rodriguez<\/p>\n<p>Jose \u201cPadrino\u201d Brown<\/p>\n<p>Cecilia Yeung<\/p>\n<p>Deni Hidayat<\/p>\n<p>Shutaro Koiwa<\/p>\n<p>Akina Masuda<\/p>\n<p>Antonio Amador<\/p>\n<p>Carmen Mouchet<\/p>\n<p>Phillip Brinks<\/p>\n<p>Lee Young Hwa<\/p>\n<p>Lim Eun Jeong<\/p>\n<p>Tien Quoc Nam<\/p>\n<p>Javi Delgado<\/p>\n<p>Juan Sanmart\u00edn<\/p>\n<p>Ken Lai<\/p>\n<p>Peter Chen<\/p>\n<p>Emilio Alpanseque<\/p>\n<p>Mickael Pommier<\/p>\n<p>Guillermo Caballero<\/p>\n<p>Wing Chu<\/p>\n<p>Hsu Ching<\/p>\n<p>Li Hua<\/p>\n<p>Min Na Young<!--:--><!--:es-->\u201cDelivery Kid\u201d es la historia de un repartidor en bicicleta enamorado de una chica que vende zumos de naranja en la calle y cuyo sue\u00f1o es convertirse en un maestro de kung fu. El chico es extremadamente t\u00edmido y tiene que practicar para declararse a la chica casi tan duro como entrena kung fu. Al poco de intentarlo se choca con un mafioso y sus paquetes se confunden, llev\u00e1ndose el equivocado. Ah\u00ed comenzar\u00e1n sus problemas, justo al mismo tiempo que empieza a cortejar a la chica&#8230;<\/p>\n<p>[masterslider id=24]<\/p>\n<p>Duraci\u00f3n: 95 min<br \/>\nIdioma: Espa\u00f1ol<br \/>\nSubt\u00edtulos: Chino \/ Ingl\u00e9s<\/p>\n<p>Director: Enrique Amador<\/p>\n<p>Guionista: Enrique Amador<\/p>\n<p>Productor: Enrique Amador<\/p>\n<p>Equipo de C\u00e1mara: Lan Tse-Yu, Xavi Altay\u00f3, Zhao Jing, Bruce Wu<\/p>\n<p>Director de Fotograf\u00eda: Jes\u00fas Robisco<\/p>\n<p>Coreograf\u00eda: Enrique Amador &amp; Empanish Group<\/p>\n<p>Edici\u00f3n: Enrique Amador<\/p>\n<p>Ayudante de Direcci\u00f3n: Pedro Gaviria<\/p>\n<p>Direcci\u00f3n Art\u00edstica: Min Na Young<\/p>\n<p>Subt\u00edtulos en chino: Ver\u00f3nica Hsu<\/p>\n<p><b>Reparto:<\/b><\/p>\n<p>Enrique Amador<\/p>\n<p>Chuang Hai-Hua<\/p>\n<p>Concha Mouchet<\/p>\n<p>Elena Mouchet<\/p>\n<p>Pedro Gaviria<\/p>\n<p>Juan Pablo Carrasco<\/p>\n<p>Josele \u201cValetudo\u201d<\/p>\n<p>Carlos Valero<\/p>\n<p>Julio Higuero<\/p>\n<p>\u00c1lvaro Rodriguez<\/p>\n<p>Jose \u201cPadrino\u201d Brown<\/p>\n<p>Cecilia Yeung<\/p>\n<p>Deni Hidayat<\/p>\n<p>Shutaro Koiwa<\/p>\n<p>Akina Masuda<\/p>\n<p>Antonio Amador<\/p>\n<p>Carmen Mouchet<\/p>\n<p>Phillip Brinks<\/p>\n<p>Lee Young Hwa<\/p>\n<p>Lim Eun Jeong<\/p>\n<p>Tien Quoc Nam<\/p>\n<p>Javi Delgado<\/p>\n<p>Juan Sanmart\u00edn<\/p>\n<p>Ken Lai<\/p>\n<p>Peter Chen<\/p>\n<p>Emilio Alpanseque<\/p>\n<p>Mickael Pommier<\/p>\n<p>Guillermo Caballero<\/p>\n<p>Wing Chu<\/p>\n<p>Hsu Ching<\/p>\n<p>Li Hua<\/p>\n<p>Min Na Young<!--:--><\/p>\n","protected":false},"excerpt":{"rendered":"<p>The story of a kid who makes deliveries on his bike, spends his days dreaming about kung fu and is hopelessly in love with a girl that sells orange juice on the street. He is extremely shy but trains himself to express his feelings for the girl just as hard as he trains in kung [&hellip;]<\/p>\n","protected":false},"author":1001004,"featured_media":0,"parent":0,"menu_order":0,"comment_status":"closed","ping_status":"closed","template":"","meta":{"footnotes":""},"class_list":["post-278","page","type-page","status-publish","hentry"],"_links":{"self":[{"href":"https:\/\/empanishproductions.com\/index.php?rest_route=\/wp\/v2\/pages\/278","targetHints":{"allow":["GET"]}}],"collection":[{"href":"https:\/\/empanishproductions.com\/index.php?rest_route=\/wp\/v2\/pages"}],"about":[{"href":"https:\/\/empanishproductions.com\/index.php?rest_route=\/wp\/v2\/types\/page"}],"author":[{"embeddable":true,"href":"https:\/\/empanishproductions.com\/index.php?rest_route=\/wp\/v2\/users\/1001004"}],"replies":[{"embeddable":true,"href":"https:\/\/empanishproductions.com\/index.php?rest_route=%2Fwp%2Fv2%2Fcomments&post=278"}],"version-history":[{"count":11,"href":"https:\/\/empanishproductions.com\/index.php?rest_route=\/wp\/v2\/pages\/278\/revisions"}],"predecessor-version":[{"id":1005,"href":"https:\/\/empanishproductions.com\/index.php?rest_route=\/wp\/v2\/pages\/278\/revisions\/1005"}],"wp:attachment":[{"href":"https:\/\/empanishproductions.com\/index.php?rest_route=%2Fwp%2Fv2%2Fmedia&parent=278"}],"curies":[{"name":"wp","href":"https:\/\/api.w.org\/{rel}","templated":true}]}}