{"id":281,"date":"2014-03-29T09:51:07","date_gmt":"2014-03-29T09:51:07","guid":{"rendered":"http:\/\/empanishproductions.com\/?page_id=281"},"modified":"2014-04-23T09:04:13","modified_gmt":"2014-04-23T09:04:13","slug":"time","status":"publish","type":"page","link":"https:\/\/empanishproductions.com\/?page_id=281","title":{"rendered":"<!--:en-->Time (2008)<!--:--><!--:zh-->Time, \u53f0\u7063, (2008)<!--:--><!--:es-->Tiempo (2008)<!--:-->"},"content":{"rendered":"<p><!--:en-->An experimental short movie that explores our relationship with Time.<\/p>\n<p>Duration: 3 min<br \/>\n(No dialogues)<\/p>\n<p>Directed by:Enrique Amador<\/p>\n<p>Cinematography: Kevin Chalvet<\/p>\n<p>Camera: Antonio C\u00e1rdenes<\/p>\n<p>Producer: Beatriz Pag\u00e9s<!--:--><!--:zh-->\u9019\u662f\u4e00\u90e8\u63a2\u7d22\u4eba\u8207\u6642\u9593\u7684\u95dc\u4fc2\u7684\u5be6\u9a57\u77ed\u7247\u3002<\/p>\n<p>\u7247\u9577: 3\u5206<br \/>\n(\u7121\u5c0d\u767d)<\/p>\n<p>\u5c0e\u6f14:Enrique Amador<\/p>\n<p>\u71c8\u7ba1: Kevin Chalvet<\/p>\n<p>\u651d\u5f71: Antonio C\u00e1rdenes<\/p>\n<p>\u88fd\u7247: Beatriz Pag\u00e9s<!--:--><!--:es-->Un cortometraje experimental que explora nuestra relaci\u00f3n con el Tiempo.<\/p>\n<p>Duraci\u00f3n: 3,5 min<br \/>\n(Sin di\u00e1logos)<\/p>\n<p>Director: Enrique Amador<\/p>\n<p>Cinematograf\u00eda: Kevin Chalvet<\/p>\n<p>Operador de C\u00e1mara: Antonio C\u00e1rdenes<\/p>\n<p>Productor: Beatriz Pag\u00e9s<!--:--><\/p>\n","protected":false},"excerpt":{"rendered":"<p>An experimental short movie that explores our relationship with Time. Duration: 3 min (No dialogues) Directed by:Enrique Amador Cinematography: Kevin Chalvet Camera: Antonio C\u00e1rdenes Producer: Beatriz Pag\u00e9s\u9019\u662f\u4e00\u90e8\u63a2\u7d22\u4eba\u8207\u6642\u9593\u7684\u95dc\u4fc2\u7684\u5be6\u9a57\u77ed\u7247\u3002 \u7247\u9577: 3\u5206 (\u7121\u5c0d\u767d) \u5c0e\u6f14:Enrique Amador \u71c8\u7ba1: Kevin Chalvet \u651d\u5f71: Antonio C\u00e1rdenes \u88fd\u7247: Beatriz Pag\u00e9sUn cortometraje experimental que explora nuestra relaci\u00f3n con el Tiempo. Duraci\u00f3n: 3,5 min (Sin di\u00e1logos) [&hellip;]<\/p>\n","protected":false},"author":1001004,"featured_media":0,"parent":0,"menu_order":0,"comment_status":"closed","ping_status":"closed","template":"","meta":{"footnotes":""},"class_list":["post-281","page","type-page","status-publish","hentry"],"_links":{"self":[{"href":"https:\/\/empanishproductions.com\/index.php?rest_route=\/wp\/v2\/pages\/281","targetHints":{"allow":["GET"]}}],"collection":[{"href":"https:\/\/empanishproductions.com\/index.php?rest_route=\/wp\/v2\/pages"}],"about":[{"href":"https:\/\/empanishproductions.com\/index.php?rest_route=\/wp\/v2\/types\/page"}],"author":[{"embeddable":true,"href":"https:\/\/empanishproductions.com\/index.php?rest_route=\/wp\/v2\/users\/1001004"}],"replies":[{"embeddable":true,"href":"https:\/\/empanishproductions.com\/index.php?rest_route=%2Fwp%2Fv2%2Fcomments&post=281"}],"version-history":[{"count":6,"href":"https:\/\/empanishproductions.com\/index.php?rest_route=\/wp\/v2\/pages\/281\/revisions"}],"predecessor-version":[{"id":441,"href":"https:\/\/empanishproductions.com\/index.php?rest_route=\/wp\/v2\/pages\/281\/revisions\/441"}],"wp:attachment":[{"href":"https:\/\/empanishproductions.com\/index.php?rest_route=%2Fwp%2Fv2%2Fmedia&parent=281"}],"curies":[{"name":"wp","href":"https:\/\/api.w.org\/{rel}","templated":true}]}}