{"id":285,"date":"2014-03-29T09:53:10","date_gmt":"2014-03-29T09:53:10","guid":{"rendered":"http:\/\/empanishproductions.com\/?page_id=285"},"modified":"2014-04-23T09:05:19","modified_gmt":"2014-04-23T09:05:19","slug":"dreams-and-nightmares","status":"publish","type":"page","link":"https:\/\/empanishproductions.com\/?page_id=285","title":{"rendered":"<!--:en-->Dreams and Nightmares (2009)<!--:--><!--:zh-->Dreams and Nightmares\u77ed\u7247\uff0c\u53f0\u7063, 2009<!--:--><!--:es-->Dreams and Nightmares (2009)<!--:-->"},"content":{"rendered":"<p><!--:en-->A woman will have to confront her darkest fears as she wakes up to a world of dreams and nightmares unable to grasp reality.<\/p>\n<p>Duration: 15 min<br \/>\nLanguage: Chinese<br \/>\nSubtitles: English\/Chinese<\/p>\n<p>&nbsp;<!--:--><!--:zh-->\u7247\u4e2d\u7684\u5973\u4e3b\u89d2\u6399\u624e\u8457\u9762\u5c0d\u81ea\u5df1\u6700\u6df1\u7684\u6050\u61fc\uff0c\u56e0\u70ba\u7576\u5979\u6bcf\u6b21\u9192\u4f86\uff0c\u90fd\u6703\u9032\u5165\u4e00\u500b\u5206\u4e0d\u6e05\u73fe\u5be6\uff0c\u5145\u6eff\u5922\u5883\u8207\u5669\u5922\u7684\u4e16\u754c\u3002<\/p>\n<p>\u7247\u9577: 15\u5206<br \/>\n\u767c\u97f3: \u4e2d\u6587<br \/>\n\u5b57\u5e55: \u82f1\u6587\/\u4e2d\u6587<\/p>\n<p><b>\u6f14\u54e1\u8868<\/b><b>:<\/b><\/p>\n<p>\u65b9\u5cab\u5d50 Fang Hsiou-Lang<!--:--><!--:es-->Una mujer se ver\u00e1 obligada a confrontar sus m\u00e1s oscuros temores al despertar en un mundo de sue\u00f1os y pesadillas e incapaz de diferenciar la realidad de la fantas\u00eda.<\/p>\n<p>Duraci\u00f3n: 15 min<br \/>\nIdioma: Chino<br \/>\nSubt\u00edtulos: Ingl\u00e9s \/ Chino<!--:--><\/p>\n","protected":false},"excerpt":{"rendered":"<p>A woman will have to confront her darkest fears as she wakes up to a world of dreams and nightmares unable to grasp reality. Duration: 15 min Language: Chinese Subtitles: English\/Chinese &nbsp;\u7247\u4e2d\u7684\u5973\u4e3b\u89d2\u6399\u624e\u8457\u9762\u5c0d\u81ea\u5df1\u6700\u6df1\u7684\u6050\u61fc\uff0c\u56e0\u70ba\u7576\u5979\u6bcf\u6b21\u9192\u4f86\uff0c\u90fd\u6703\u9032\u5165\u4e00\u500b\u5206\u4e0d\u6e05\u73fe\u5be6\uff0c\u5145\u6eff\u5922\u5883\u8207\u5669\u5922\u7684\u4e16\u754c\u3002 \u7247\u9577: 15\u5206 \u767c\u97f3: \u4e2d\u6587 \u5b57\u5e55: \u82f1\u6587\/\u4e2d\u6587 \u6f14\u54e1\u8868: \u65b9\u5cab\u5d50 Fang Hsiou-LangUna mujer se ver\u00e1 obligada a confrontar sus m\u00e1s oscuros temores al despertar en [&hellip;]<\/p>\n","protected":false},"author":1001004,"featured_media":0,"parent":0,"menu_order":0,"comment_status":"closed","ping_status":"closed","template":"","meta":{"footnotes":""},"class_list":["post-285","page","type-page","status-publish","hentry"],"_links":{"self":[{"href":"https:\/\/empanishproductions.com\/index.php?rest_route=\/wp\/v2\/pages\/285","targetHints":{"allow":["GET"]}}],"collection":[{"href":"https:\/\/empanishproductions.com\/index.php?rest_route=\/wp\/v2\/pages"}],"about":[{"href":"https:\/\/empanishproductions.com\/index.php?rest_route=\/wp\/v2\/types\/page"}],"author":[{"embeddable":true,"href":"https:\/\/empanishproductions.com\/index.php?rest_route=\/wp\/v2\/users\/1001004"}],"replies":[{"embeddable":true,"href":"https:\/\/empanishproductions.com\/index.php?rest_route=%2Fwp%2Fv2%2Fcomments&post=285"}],"version-history":[{"count":5,"href":"https:\/\/empanishproductions.com\/index.php?rest_route=\/wp\/v2\/pages\/285\/revisions"}],"predecessor-version":[{"id":443,"href":"https:\/\/empanishproductions.com\/index.php?rest_route=\/wp\/v2\/pages\/285\/revisions\/443"}],"wp:attachment":[{"href":"https:\/\/empanishproductions.com\/index.php?rest_route=%2Fwp%2Fv2%2Fmedia&parent=285"}],"curies":[{"name":"wp","href":"https:\/\/api.w.org\/{rel}","templated":true}]}}