{"id":289,"date":"2014-03-29T09:56:23","date_gmt":"2014-03-29T09:56:23","guid":{"rendered":"http:\/\/empanishproductions.com\/?page_id=289"},"modified":"2014-10-08T00:13:13","modified_gmt":"2014-10-08T00:13:13","slug":"lazaro-directed-by-antonio-cardenes","status":"publish","type":"page","link":"https:\/\/empanishproductions.com\/?page_id=289","title":{"rendered":"<!--:en-->L\u00e1zaro, Directed by Antonio C\u00e1rdenes (2009)<!--:--><!--:zh-->L\u00e1zaro (\u77ed\u7247), \u53f0\u7063, 2009 (Directed by: Antonio C\u00e1rdenes)<!--:--><!--:es-->L\u00e1zaro, Dirigida por Antonio C\u00e1rdenes (2009)<!--:-->"},"content":{"rendered":"<p><!--:en-->A man fed up with his life decides one evening that he has to end his misery. He sees no other solution and suicide seems an easy way out, but things have a tendency to work out the way we least expect them to&#8230;<\/p>\n<p>[masterslider id=22]<\/p>\n<p>Duration: 10 min<\/p>\n<p>(No dialogues)<\/p>\n<p>Directed by: Antonio C\u00e1rdenes<\/p>\n<p>Written by: Antonio C\u00e1rdenes<\/p>\n<p>Produced by: La Burbuja Producciones<\/p>\n<p>Camera: Beatriz Pag\u00e9s<\/p>\n<p>Director of Photography: Kevin Chalvet<\/p>\n<p>Sound Recording: Luis Hern\u00e1ndez<\/p>\n<p>Sound Post-production: Eduardo Ngongo<\/p>\n<p>Assistant Director: Peisi Shang<\/p>\n<p>Make up: Epo Wang<\/p>\n<p>Film Editing by: B.S.P.<\/p>\n<p>B.S.O.: Eduardo Ngongo &amp; Mario Montero<\/p>\n<p><b>Cast:<\/b><\/p>\n<p>Enrique Amador<!--:--><!--:zh-->\u672c\u7247\u63cf\u7e6a\u4e00\u500b\u53d7\u5920\u4e86\u751f\u6d3b\u7684\u4eba\uff0c\u6c7a\u5b9a\u8981\u89aa\u624b\u7d50\u675f\u81ea\u5df1\u7684\u60b2\u6158\u547d\u904b\u3002\u4ed6\u770b\u4e0d\u5230\u751f\u547d\u7684\u51fa\u8def\uff0c\u81ea\u6bba\u4f3c\u4e4e\u662f\u6700\u7c21\u55ae\u7684\u89e3\u6c7a\u65b9\u6848\u3002\u4f46\u662f\u4e16\u4e8b\u4e0d\u76e1\u5982\u4eba\u610f\u2026<\/p>\n<p>[masterslider id=22]<\/p>\n<p>\u7247\u9577: 10\u5206<br \/>\n(\u7121\u5c0d\u767d)<\/p>\n<p>\u5c0e\u6f14: Antonio C\u00e1rdenes<\/p>\n<p>\u7de8\u5287: Antonio C\u00e1rdenes<\/p>\n<p>\u88fd\u7247: La Burbuja Producciones<\/p>\n<p>\u651d\u5f71: Beatriz Pag\u00e9s<\/p>\n<p>\u71c8\u5149: Kevin Chalvet<\/p>\n<p>\u6536\u97f3: Luis Hern\u00e1ndez<\/p>\n<p>\u97f3\u6548\u5f8c\u88fd: Eduardo Ngongo<\/p>\n<p>\u52a9\u7406\u5c0e\u6f14: Peisi Shang<\/p>\n<p>\u5316\u599d: Epo Wang<\/p>\n<p>\u526a\u63a5: B.S.P.<\/p>\n<p>B.S.O.: Eduardo Ngongo &amp; Mario Montero<\/p>\n<p><b>\u6f14\u54e1\u8868<\/b><b>:<\/b><\/p>\n<p>Enrique Amador<!--:--><!--:es-->Un hombre cansado de su vida decide una noche que debe acabar con su miseria. No ve otra salida y el suicidio le parece lo m\u00e1s f\u00e1cil, pero las cosas nunca suceden como uno las planea&#8230;<\/p>\n<p>[masterslider id=22]<\/p>\n<p>Duraci\u00f3n: 10 min<br \/>\n(Sin di\u00e1logos)<\/p>\n<p>Director: Antonio C\u00e1rdenes<\/p>\n<p>Guionista: Antonio C\u00e1rdenes<\/p>\n<p>Productor: La Burbuja Producciones<\/p>\n<p>Operador de C\u00e1mara: Beatriz Pag\u00e9s<\/p>\n<p>Director de Fotograf\u00eda: Kevin Chalvet<\/p>\n<p>Grabaci\u00f3n de Sonido: Luis Hern\u00e1ndez<\/p>\n<p>Post-Producci\u00f3n de Sonido: Eduardo Ngongo<\/p>\n<p>Ayudante de Direcci\u00f3n: Peisi Shang<\/p>\n<p>Maquillaje: Epo Wang<\/p>\n<p>Edici\u00f3n: B.S.P.<\/p>\n<p>B.S.O.: Eduardo Ngongo &amp; Mario Montero<\/p>\n<p><b>Reparto:<\/b><\/p>\n<p>Enrique Amador<!--:--><\/p>\n","protected":false},"excerpt":{"rendered":"<p>A man fed up with his life decides one evening that he has to end his misery. He sees no other solution and suicide seems an easy way out, but things have a tendency to work out the way we least expect them to&#8230; [masterslider id=22] Duration: 10 min (No dialogues) Directed by: Antonio C\u00e1rdenes [&hellip;]<\/p>\n","protected":false},"author":1001004,"featured_media":0,"parent":0,"menu_order":0,"comment_status":"closed","ping_status":"closed","template":"","meta":{"footnotes":""},"class_list":["post-289","page","type-page","status-publish","hentry"],"_links":{"self":[{"href":"https:\/\/empanishproductions.com\/index.php?rest_route=\/wp\/v2\/pages\/289","targetHints":{"allow":["GET"]}}],"collection":[{"href":"https:\/\/empanishproductions.com\/index.php?rest_route=\/wp\/v2\/pages"}],"about":[{"href":"https:\/\/empanishproductions.com\/index.php?rest_route=\/wp\/v2\/types\/page"}],"author":[{"embeddable":true,"href":"https:\/\/empanishproductions.com\/index.php?rest_route=\/wp\/v2\/users\/1001004"}],"replies":[{"embeddable":true,"href":"https:\/\/empanishproductions.com\/index.php?rest_route=%2Fwp%2Fv2%2Fcomments&post=289"}],"version-history":[{"count":10,"href":"https:\/\/empanishproductions.com\/index.php?rest_route=\/wp\/v2\/pages\/289\/revisions"}],"predecessor-version":[{"id":903,"href":"https:\/\/empanishproductions.com\/index.php?rest_route=\/wp\/v2\/pages\/289\/revisions\/903"}],"wp:attachment":[{"href":"https:\/\/empanishproductions.com\/index.php?rest_route=%2Fwp%2Fv2%2Fmedia&parent=289"}],"curies":[{"name":"wp","href":"https:\/\/api.w.org\/{rel}","templated":true}]}}