{"id":295,"date":"2014-03-29T09:58:05","date_gmt":"2014-03-29T09:58:05","guid":{"rendered":"http:\/\/empanishproductions.com\/?page_id=295"},"modified":"2014-10-08T07:40:09","modified_gmt":"2014-10-08T07:40:09","slug":"tiempos-modernos-2012","status":"publish","type":"page","link":"https:\/\/empanishproductions.com\/?page_id=295","title":{"rendered":"<!--:en-->Modern Life (2012)<!--:--><!--:zh-->Modern Times (\u77ed\u7247), \u53f0\u7063, 2012<!--:--><!--:es-->Tiempos Modernos (2012)<!--:-->"},"content":{"rendered":"<p><!--:en-->Short video of critical nature,\u00a0written and played by Enrique Amador and Michael Yang and edited by Thomas Buffaz. \u00a0It\u00a0tells,\u00a0in a\u00a0satirical way,\u00a0modern people&#8217;s\u00a0situation in the world, their alienation and the use (or abuse)\u00a0and influence of Facebook in their lives&#8230;<\/p>\n<p>Duration: 13 min<\/p>\n<p>Language: Chinese<\/p>\n<p>Subtitles: English\/Spanish\/Chinese\/<\/p>\n<p><a href=\"&lt;iframe width=\"><iframe loading=\"lazy\" src=\"\/\/www.youtube.com\/embed\/5lR20QGOha8\" height=\"315\" width=\"560\" allowfullscreen=\"\" frameborder=\"0\"><\/iframe><\/a><\/p>\n<p>Directed by: Enrique Amador<\/p>\n<p>Written by: Enrique Amador &amp; Michael Yang<\/p>\n<p>Film Editing &amp; Animation: Thomas Bufazz<!--:--><!--:zh-->\u672c\u7247\u6709\u8457\u793e\u6703\u8a55\u8ad6\u7684\u7cbe\u795e\uff0c\u7531Enrique Amador\u548c\u694a\u6607\u9054\u5171\u540c\u7de8\u5287\u6f14\u51fa\uff0c\u6cd5\u570b\u5925\u4f34Thomas Buffaz\u526a\u63a5\u3002\u7528\u8af7\u523a\u7684\u624b\u6cd5\u5448\u73fe\u73fe\u4ee3\u4eba\u7684\u758f\u96e2\u611f\uff0c(\u904e\u5ea6)\u4f7f\u7528\u81c9\u66f8\u7684\u65b9\u5f0f\uff0c\u4ee5\u53ca\u5c0d\u751f\u6d3b\u7522\u751f\u5168\u9762\u7684\u5f71\u97ff\u3002<\/p>\n<p>\u7247\u9577: 13\u5206<\/p>\n<p>\u767c\u97f3: \u4e2d\u6587<\/p>\n<p>\u5b57\u5e55: \u82f1\u6587\/\u897f\u73ed\u7259\u6587\/\u4e2d\u6587<\/p>\n<p><a href=\"&lt;iframe width=\"><iframe loading=\"lazy\" src=\"\/\/www.youtube.com\/embed\/5lR20QGOha8\" height=\"315\" width=\"560\" allowfullscreen=\"\" frameborder=\"0\"><\/iframe><\/a><\/p>\n<p>\u88fd\u7247 &amp; \u5c0e\u6f14: Enrique Amador<\/p>\n<p>\u7de8\u5287: Enrique Amador &amp; \u694a\u6607\u9054<\/p>\n<p>\u526a\u63a5 &amp; \u52d5\u756b: Thomas Bufazz<\/p>\n<p>Duraci\u00f3n: 13 min<br \/>\nIdioma: Chino<br \/>\nSubt\u00edtulos: Ingl\u00e9s \/ Espa\u00f1ol \/ Chino<!--:--><!--:es-->Cortometraje de contenido cr\u00edtico, escrito y protagonizado por Enrique Amador y Michael Yang, narra a modo de s\u00e1tira la situaci\u00f3n de las personas en el mundo moderno, su alienaci\u00f3n y el uso e influencia de Facebook en sus vidas&#8230;<\/p>\n<p>Duraci\u00f3n: 13 min<\/p>\n<p>Idioma: Chino<\/p>\n<p>Subt\u00edtulos: Ingl\u00e9s \/ Espa\u00f1ol \/ Chino<br \/>\n<a href=\"&lt;iframe width=\"><br \/>\n<iframe loading=\"lazy\" src=\"\/\/www.youtube.com\/embed\/5lR20QGOha8\" height=\"315\" width=\"560\" allowfullscreen=\"\" frameborder=\"0\"><\/iframe><\/a><\/p>\n<p>Director: Enrique Amador<\/p>\n<p>Productor: Enrique Amador<\/p>\n<p>Gui\u00f3n: Enrique Amador &amp; Michael Yang<\/p>\n<p>Edici\u00f3n &amp; Animaci\u00f3n: Thomas Buffaz<\/p>\n<p><b>Reparto<\/b>:<\/p>\n<p>Michael Yang<\/p>\n<p>Enrique Amador<!--:--><\/p>\n","protected":false},"excerpt":{"rendered":"<p>Short video of critical nature,\u00a0written and played by Enrique Amador and Michael Yang and edited by Thomas Buffaz. \u00a0It\u00a0tells,\u00a0in a\u00a0satirical way,\u00a0modern people&#8217;s\u00a0situation in the world, their alienation and the use (or abuse)\u00a0and influence of Facebook in their lives&#8230; Duration: 13 min Language: Chinese Subtitles: English\/Spanish\/Chinese\/ Directed by: Enrique Amador Written by: Enrique Amador &amp; Michael [&hellip;]<\/p>\n","protected":false},"author":1001004,"featured_media":0,"parent":0,"menu_order":0,"comment_status":"closed","ping_status":"closed","template":"","meta":{"footnotes":""},"class_list":["post-295","page","type-page","status-publish","hentry"],"_links":{"self":[{"href":"https:\/\/empanishproductions.com\/index.php?rest_route=\/wp\/v2\/pages\/295","targetHints":{"allow":["GET"]}}],"collection":[{"href":"https:\/\/empanishproductions.com\/index.php?rest_route=\/wp\/v2\/pages"}],"about":[{"href":"https:\/\/empanishproductions.com\/index.php?rest_route=\/wp\/v2\/types\/page"}],"author":[{"embeddable":true,"href":"https:\/\/empanishproductions.com\/index.php?rest_route=\/wp\/v2\/users\/1001004"}],"replies":[{"embeddable":true,"href":"https:\/\/empanishproductions.com\/index.php?rest_route=%2Fwp%2Fv2%2Fcomments&post=295"}],"version-history":[{"count":14,"href":"https:\/\/empanishproductions.com\/index.php?rest_route=\/wp\/v2\/pages\/295\/revisions"}],"predecessor-version":[{"id":1132,"href":"https:\/\/empanishproductions.com\/index.php?rest_route=\/wp\/v2\/pages\/295\/revisions\/1132"}],"wp:attachment":[{"href":"https:\/\/empanishproductions.com\/index.php?rest_route=%2Fwp%2Fv2%2Fmedia&parent=295"}],"curies":[{"name":"wp","href":"https:\/\/api.w.org\/{rel}","templated":true}]}}