{"id":341,"date":"2014-04-23T06:56:10","date_gmt":"2014-04-23T06:56:10","guid":{"rendered":"http:\/\/empanishproductions.com\/?page_id=341"},"modified":"2014-10-08T13:31:52","modified_gmt":"2014-10-08T13:31:52","slug":"music-for-friends","status":"publish","type":"page","link":"https:\/\/empanishproductions.com\/?page_id=341","title":{"rendered":"<!--:en-->Music for friends<!--:--><!--:zh-->\u597d\u53cb\u97f3\u6a02\u6703<!--:--><!--:es-->M\u00fasica para amigos<!--:-->"},"content":{"rendered":"<p><!--:en-->Enrique Amador was born in Spain one cold day in January of 19\u2026 well, end of the millennium anyway.<br \/>\nWhen he was 1 year old, he started playing with the piano. After 5 years on extreme torture to their ears and grave injuries to the piano, his parents decided to take him to classes*, hoping that he could actually start playing piano. So at the age of 6, Enrique entered the National Conservatory of Music to endure more than ten years of training, most of which he really spent playing basketball and doing kung fu.<br \/>\nThe day of this concert was a very special day: Enrique\u2019s first official public concert, except for the boring summer days of childhood when he played for his friends at the living room of his house just to piss off the neighbors.<br \/>\nSo all the people present that day were making history. The history of this peculiar hairy man, Enrique Amador&#8230;<\/p>\n<p>* Up to his day, Enrique doesn\u2019t know if they have ever regretted that decision (especially during the moments when he was practicing at home; but fortunately for them, those moments were few and brief).<br \/>\n[masterslider id=28]<\/p>\n<p>If you are brave enough to watch the concert, please enjoy the performance and free your mind (not necessarily in that order):<\/p>\n<p><a href=\"&lt;iframe width=\"><iframe loading=\"lazy\" src=\"\/\/www.youtube.com\/embed\/ZEnl07SoKfg\" height=\"315\" width=\"560\" allowfullscreen=\"\" frameborder=\"0\"><\/iframe><\/a><!--:--><!--:zh-->\u5728\u67d0\u500b\u5bd2\u51b7\u7684\u4e00\u6708\u4e09\u5341\u4e00\u865f\uff0c\u6069\u91cc\u683c\u963f\u746a\u591a\u5728\u897f\u73ed\u7259\u7684\u67d0\u7247\u571f\u5730\uff0c\u5471\u5471\u589c\u5730\u2026<br \/>\n\u5728\u4ed6\u624d\u4e00\u6b72\u5927\u7684\u6642\u5019\uff0c\u4ed6\u5c31\u958b\u59cb\u201d\u73a9\u201d\u92fc\u7434\u4e86\u3002\u98fd\u53d7\u4e94\u5e74\u6158\u7121\u4eba\u9053\u7684\u807d\u529b\u6298\u78e8\uff0c\u52a0\u4e0a\u770b\u5230\u9ad4\u7121\u5b8c\u819a\u7684\u6b98\u7834\u92fc\u7434\u4e4b\u5f8c\uff0c\u4ed6\u7684\u7236\u6bcd\u6c7a\u5b9a\u9001\u4ed6\u53bb\u4e0a\u6b63\u7d71\u7684\u92fc\u7434\u8ab2*\uff0c\u5e0c\u671b\u4ed6\u80fd\u7406 \u89e3\u5f48\u594f\u92fc\u7434\u7684\u771f\u6b63\u610f\u6db5\u3002\u4e5f\u56e0\u6b64\uff0c\u5728\u4ed6\u516d\u6b72\u5927\u6642\uff0c\u6069\u91cc\u683c\u9032\u5165\u4e86\u897f\u73ed\u7259\u570b\u5bb6\u97f3\u6a02\u5b78\u9662\uff0c\u4e26\u5c55\u958b\u9577\u9054\u5341\u5e74\u7684\u5b78\u9662\u6d3e\u97f3\u6a02\u8a13\u7df4\u3002\u800c\u9019\u5341\u5e74\u7576\u4e2d\uff0c\u4ed6\u5927\u90e8\u5206\u7684\u6642\u9593\uff0c\u90fd\u62ff\u53bb \u6253\u7c43\u7403\u4ee5\u53ca\u7df4\u4e2d\u570b\u529f\u592b\u3002<br \/>\n\u4eca\u5929\u662f\u975e\u5e38\u7279\u5225\uff0c\u4e26\u4e14\u795e\u8056\u7684\u4e00\u5929: \u9019\u662f\u6069\u91cc\u683c\u7b2c\u4e00\u5834\u516c\u958b\u6f14\u594f\u6703\u3002\u9664\u4e86\u5f88\u4e45\u4ee5\u524d\u7ae5\u5e74\u88e1\u7684\u4e00\u500b\u590f\u5929\uff0c\u4ed6\u5728\u4ed6\u5bb6\u7684\u5ba2\u5ef3\u5f48\u7434\u7d66\u4ed6\u7684\u670b\u53cb\u5011\u807d\uff0c\u76ee\u7684\u662f\u70ba\u4e86\u5831\u5fa9\u8a0e\u53ad\u7684\u9130\u5c45\u3002<br \/>\n\u56e0\u6b64\uff0c\u4eca\u5929\u5728\u5ea7\u7684\u5404\u4f4d\uff0c\u90fd\u5275\u9020\u4e86\u6b77\u53f2\u3002\u95dc\u65bc\u4e00\u4f4d\u500b\u6027\u4e56\u50fb\uff0c\u591a\u6bdb\u7537\u5b50\u7684\u97f3\u6a02\u6b77\u53f2: \u6069\u91cc\u683c\u963f\u746a\u591a\u3002\u3002\u3002<\/p>\n<p>*\u6642\u81f3\u4eca\u65e5\uff0c\u6069\u91cc\u683c\u9084\u662f\u4e0d\u78ba\u5b9a\u4ed6\u7684\u7236\u6bcd\u662f\u5426\u5f8c\u6094\u7576\u521d\u7684\u6c7a\u5b9a\uff0c\u5c24\u5176\u662f\u4ed6\u5728\u5bb6\u7df4\u7434\u7684\u6642\u5019\u3002\u4f46\u662f\u5e78\u597d\uff0c\u4ed6\u7df4\u7434\u7684\u6642\u9593\u65e2\u4e0d\u591a\uff0c\u4e5f\u4e0d\u9577\u3002<br \/>\n[masterslider id=28]<\/p>\n<p>\u00a0<\/p>\n<p>\u5982\u679c\u4f60\u9084\u6562\u89c0\u8cde\u97f3\u6a02\u6703\uff0c\u8acb\u6b23\u8cde\u9019\u5834\u6f14\u51fa\uff0c\u4e26\u653e\u7a7a\u60a8\u7684\u601d\u7dd2\u3002(\u9806\u5e8f\u4e5f\u53ef\u4ee5\u985b\u5012\u904e\u4f86)\uff1a<\/p>\n<p><a href=\"<iframe width=\"><iframe loading=\"lazy\" src=\"\/\/www.youtube.com\/embed\/ZEnl07SoKfg\" height=\"315\" width=\"560\" allowfullscreen=\"\" frameborder=\"0\"><\/iframe><\/a><!--:--><!--:es-->Enrique Amador naci\u00f3 un fr\u00edo d\u00eda de Enero de mil novecientos\u2026 fin del milenio, en cualquier caso.<br \/>\nCuando ten\u00eda tan solo un a\u00f1o, Enrique empez\u00f3 a jugar con el piano. Despu\u00e9s de 5 a\u00f1os de extrema tortura para sus o\u00eddos y lesiones casi irreversibles al piano, sus padres decidieron llevarle a clases*, con la esperanza de que empezase a tocarlo.<br \/>\nAs\u00ed que a los 6 a\u00f1os de edad y con la recomendaci\u00f3n bien por grave descuido o extrema negligencia de los examinadores que pensaron que ten\u00eda aptitudes musicales, Enrique entr\u00f3 en el Conservatorio Nacional de M\u00fasica para soportar m\u00e1s de 10 a\u00f1os de formaci\u00f3n, la mayor parte de los que pas\u00f3 dedicado a jugar al baloncesto y ver pel\u00edculas de kung fu.<br \/>\nEl d\u00eda del concierto fue un d\u00eda especial: el primer concierto oficial de Enrique, excepto por aquellos memorables d\u00edas de verano en que tocaba para sus amigos en el sal\u00f3n de su casa con el fin de trastornar a sus vecinos.<br \/>\nTodos los asistentes al concierto (imaginamos que amigos, al menos hasta la conclusi\u00f3n del mismo) hicieron historia. La historia de este peculiar y peludo homo sapiens, Enrique Amador.<\/p>\n<p>*A fecha de hoy, Enrique todav\u00eda no est\u00e1 seguro si alguna vez lamentaron esta decisi\u00f3n (especialmente durante los momentos que pas\u00f3 practicando en casa; afortunadamente para ellos, esos momentos fueron muy pocos y breves)<\/p>\n<p>[masterslider id=28]<\/p>\n<p>Si todav\u00eda ten\u00e9is valor de ver el concierto, adelante. Disfrutad del espect\u00e1culo y vaciad vuestra mente (pero no necesariamente en ese orden)<\/p>\n<p><a href=\"&lt;iframe width=\"><iframe loading=\"lazy\" src=\"\/\/www.youtube.com\/embed\/ZEnl07SoKfg\" height=\"315\" width=\"560\" allowfullscreen=\"\" frameborder=\"0\"><\/iframe><\/a><\/p>\n<p><!--:--><\/p>\n","protected":false},"excerpt":{"rendered":"<p>Enrique Amador was born in Spain one cold day in January of 19\u2026 well, end of the millennium anyway. When he was 1 year old, he started playing with the piano. After 5 years on extreme torture to their ears and grave injuries to the piano, his parents decided to take him to classes*, hoping [&hellip;]<\/p>\n","protected":false},"author":1001004,"featured_media":0,"parent":0,"menu_order":0,"comment_status":"closed","ping_status":"closed","template":"","meta":{"footnotes":""},"class_list":["post-341","page","type-page","status-publish","hentry"],"_links":{"self":[{"href":"https:\/\/empanishproductions.com\/index.php?rest_route=\/wp\/v2\/pages\/341","targetHints":{"allow":["GET"]}}],"collection":[{"href":"https:\/\/empanishproductions.com\/index.php?rest_route=\/wp\/v2\/pages"}],"about":[{"href":"https:\/\/empanishproductions.com\/index.php?rest_route=\/wp\/v2\/types\/page"}],"author":[{"embeddable":true,"href":"https:\/\/empanishproductions.com\/index.php?rest_route=\/wp\/v2\/users\/1001004"}],"replies":[{"embeddable":true,"href":"https:\/\/empanishproductions.com\/index.php?rest_route=%2Fwp%2Fv2%2Fcomments&post=341"}],"version-history":[{"count":15,"href":"https:\/\/empanishproductions.com\/index.php?rest_route=\/wp\/v2\/pages\/341\/revisions"}],"predecessor-version":[{"id":1244,"href":"https:\/\/empanishproductions.com\/index.php?rest_route=\/wp\/v2\/pages\/341\/revisions\/1244"}],"wp:attachment":[{"href":"https:\/\/empanishproductions.com\/index.php?rest_route=%2Fwp%2Fv2%2Fmedia&parent=341"}],"curies":[{"name":"wp","href":"https:\/\/api.w.org\/{rel}","templated":true}]}}