{"id":346,"date":"2014-04-23T06:59:07","date_gmt":"2014-04-23T06:59:07","guid":{"rendered":"http:\/\/empanishproductions.com\/?page_id=346"},"modified":"2014-10-08T06:11:10","modified_gmt":"2014-10-08T06:11:10","slug":"pedro-gaviria","status":"publish","type":"page","link":"https:\/\/empanishproductions.com\/?page_id=346","title":{"rendered":"<!--:en-->Pedro G.<!--:--><!--:zh-->Pedro G.<!--:--><!--:es-->Pedro G.<!--:-->"},"content":{"rendered":"<p><!--:en--><\/p>\n<p style=\"text-align: justify;\"><strong><\/strong>Disillusioned computer scientist; philologist wannabe; lifelong learner\/teacher; \u00abtraduittore\u00bb*&#8230; He has helped Empanish with many translations and various odd jobs but emphatically denies it when asked.<br \/>\nHis favorite poem (by Emily Dickinson)<\/p>\n<p>I&#8217;m Nobody! Who are you?<br \/>\nAre you \u2013Nobody\u2013 too?<br \/>\nThen there&#8217;s a pair of us!<br \/>\nDon&#8217;t tell! they&#8217;d advertise \u2013 you know!<\/p>\n<p>How dreary \u2013 to be \u2013 Somebody!<br \/>\nHow public \u2013 like a Frog \u2013<br \/>\nTo tell one&#8217;s name \u2013 the livelong June \u2013<br \/>\nTo an admiring Bog!<\/p>\n<p>As made evident by the poem, he does not wish to be contacted. If for some strange reason you still feel interested in reaching him, please write to: info@empanishproductions.com where your inquiries will be politely ignored.<br \/>\n[masterslider id=26]<!--:--><!--:zh--><\/p>\n<p style=\"text-align: justify;\">\u5931\u671b\u7684\u96fb\u8166\u5de5\u7a0b\u5e2b\uff0c\u7576\u4e0d\u5230\u8a9e\u8a00\u5b78\u5bb6\uff0c\u6c38\u9060\u7684\u5b78\u751f\u548c\u8001\u5e2b\uff0c\u9f9c\u6bdb\u201c\u8a9e\u8a00\u53db\u8b6f\u201d\u3002\u4ed6\u5e6b\u52a9Empanish\u516c\u53f8\u7684\u5404\u7a2e\u6587\u5b57\u7ffb\u8b6f\uff0c\u4ee5\u53ca\u5404\u985e\u963f\u54e9\u4e0d\u9054\u7684\u9ce5\u5de5\u4f5c\uff0c\u5927\u591a\u6578\u7684\u7d50\u679c\u662f\u5e6b\u4e86\u66f4\u5fd9\uff0c\u800c\u4e14\u7e3d\u662f\u7528\u5404\u7a2e\u8a9e\u8a00\u5f37\u70c8\u5426\u8a8d\u4ed6\u6709\u5e6b\u5fd9\u6216\u662f\u5e6b\u5012\u5fd9\u3002<\/p>\n<p>\u4ed6\u500b\u4eba\u6700\u559c\u6b61\u7684\u4e00\u9996\u8a69:<br \/>\n\u827e\u871c\u8389\uff0e\u72c4\u91d1\u68ee \u2013 \u6211\u4e0d\u662f\u8ab0\uff01<br \/>\n(\u8b6f\u8005\uff1aSophia L.)<\/p>\n<p>\u6211\u8ab0\u4e5f\u4e0d\u662f\uff01\u800c\u4f60\u53c8\u662f\u8ab0\uff1f<br \/>\n\u83ab\u975e\uff0c\u4f60\u4e5f\u662f\u6cdb\u6cdb\u4e4b\u8f29\uff1f<br \/>\n\u6211\u5011\u6b63\u597d\u5929\u751f\u4e00\u5c0d \u2013 \u5653\uff01\u5225\u8072\u8a00\uff01<br \/>\n\u4f60\u77e5\u9053\uff0c\u4ed6\u5011\u6703\u5c07\u6211\u5006\u9a45\u9010\u908a\u754c<br \/>\n\u6210\u70ba\u5927\u4eba\u7269\u8a72\u6709\u591a\u9ebc\u6dd2\u7d55\uff01<br \/>\n\u5982\u6b64\u7fa4\u773e\u5316\uff0c\u537b\u4e0d\u904e\u662f\u4e95\u86d9\u4e4b\u8ffd<br \/>\n\u4e0d\u65b7\u5730\u63d0\u53ca\u4f60\u7684\u540d\uff0c\u6574\u65e5\u6574\u591c<br \/>\n\u90a3\u662f\u4f7f\u4f60\u6ce5\u8db3\u6df1\u9677\u7684\u606d\u7dad\uff01<\/p>\n<p>\u5982\u540c\u672c\u8a69\u6240\u8aaa\uff0c\u4ed6\u4e0d\u559c\u6b61\u88ab\u806f\u7d61\u3002\u5982\u679c\u56e0\u70ba\u67d0\u7a2e\u5947\u602a\u7684\u7406\u7531\uff0c\u60a8\u9084\u662f\u6709\u8208\u8da3\u8207\u4ed6\u63a5\u6d3d\uff0c\u8acb\u5beb\u4fe1\u5230: info@empanishproductions.com \u96fb\u5b50\u4fe1\u7bb1\uff0c\u6211\u5011\u5c07\u6703\u5f88\u6709\u79ae\u8c8c\u7684\u5ffd\u8996\u60a8\u7684\u4f86\u4fe1\u3002<br \/>\n[masterslider id=26]<br \/>\n<!--:--><!--:es--><\/p>\n<p style=\"text-align: justify;\">Ingeniero inform\u00e1tico de vuelta de todo; aspirante a fil\u00f3logo; aprendiz y maestro empedernido; \u00abtraduittore\u00bb*\u2026 Ha colaborado con muchas traducciones y oficios varios para Empanish Productions pero lo niega enf\u00e1ticamente al preguntarle.<br \/>\nSu poema favorito (de Emily Dickinson)<\/p>\n<p>YO SOY NADIE. \u00bfT\u00da ERES QUI\u00c9N?<\/p>\n<p>Yo soy nadie, \u00bft\u00fa eres qui\u00e9n?<br \/>\n\u00bfEres nadie t\u00fa tambi\u00e9n?<br \/>\nSomos pues dos \u2014\u00a1no lo digas!<br \/>\n\u00a1Pronto lo divulgar\u00edan!<\/p>\n<p>\u00a1Ser alguien es una lata!<br \/>\n\u00a1Qu\u00e9 imp\u00fadico, cual la rana<br \/>\npresentarte todo el d\u00eda<br \/>\nal pantano que te admira!<\/p>\n<p>(Trad. De Aurelio Asiain)<\/p>\n<p>Como es obvio por el poema, \u00e9l no desea ser contactado. Si por alg\u00fan extra\u00f1o motivo usted a\u00fan siente inter\u00e9s, por favor escriba a: info@empanishproductions.com donde sus correos ser\u00e1n cort\u00e9smente ignorados.<br \/>\n[masterslider id=26]<br \/>\n<!--:--><\/p>\n","protected":false},"excerpt":{"rendered":"<p>Disillusioned computer scientist; philologist wannabe; lifelong learner\/teacher; \u00abtraduittore\u00bb*&#8230; He has helped Empanish with many translations and various odd jobs but emphatically denies it when asked. His favorite poem (by Emily Dickinson) I&#8217;m Nobody! Who are you? Are you \u2013Nobody\u2013 too? Then there&#8217;s a pair of us! Don&#8217;t tell! they&#8217;d advertise \u2013 you know! How dreary [&hellip;]<\/p>\n","protected":false},"author":1001004,"featured_media":0,"parent":0,"menu_order":0,"comment_status":"closed","ping_status":"closed","template":"","meta":{"footnotes":""},"class_list":["post-346","page","type-page","status-publish","hentry"],"_links":{"self":[{"href":"https:\/\/empanishproductions.com\/index.php?rest_route=\/wp\/v2\/pages\/346","targetHints":{"allow":["GET"]}}],"collection":[{"href":"https:\/\/empanishproductions.com\/index.php?rest_route=\/wp\/v2\/pages"}],"about":[{"href":"https:\/\/empanishproductions.com\/index.php?rest_route=\/wp\/v2\/types\/page"}],"author":[{"embeddable":true,"href":"https:\/\/empanishproductions.com\/index.php?rest_route=\/wp\/v2\/users\/1001004"}],"replies":[{"embeddable":true,"href":"https:\/\/empanishproductions.com\/index.php?rest_route=%2Fwp%2Fv2%2Fcomments&post=346"}],"version-history":[{"count":12,"href":"https:\/\/empanishproductions.com\/index.php?rest_route=\/wp\/v2\/pages\/346\/revisions"}],"predecessor-version":[{"id":1128,"href":"https:\/\/empanishproductions.com\/index.php?rest_route=\/wp\/v2\/pages\/346\/revisions\/1128"}],"wp:attachment":[{"href":"https:\/\/empanishproductions.com\/index.php?rest_route=%2Fwp%2Fv2%2Fmedia&parent=346"}],"curies":[{"name":"wp","href":"https:\/\/api.w.org\/{rel}","templated":true}]}}