{"id":348,"date":"2014-04-23T06:59:28","date_gmt":"2014-04-23T06:59:28","guid":{"rendered":"http:\/\/empanishproductions.com\/?page_id=348"},"modified":"2014-10-07T06:33:38","modified_gmt":"2014-10-07T06:33:38","slug":"thomas-buffaz","status":"publish","type":"page","link":"https:\/\/empanishproductions.com\/?page_id=348","title":{"rendered":"<!--:en-->Thomas Buffaz<!--:--><!--:zh-->Thomas Buffaz<!--:--><!--:es-->Thomas Buffaz<!--:-->"},"content":{"rendered":"<p><!--:en--><\/p>\n<p style=\"text-align: left;\"><strong><\/strong>He got a degree in film studies a long time ago and has been experimenting different ways of storytelling ever since.<br \/>\nSpecialized in editing, he also writes and directs his own short films. His favorite themes are communication problems and the limits of reality.<br \/>\nCurrently, Thomas is making short humorous animated films for which he works completely solo (and completely loco). <a href=\"https:\/\/www.youtube.com\/channel\/UC3Y_XupxCJQ_SGmBKxWQDcg\" target=\"_blank\">https:\/\/www.youtube.com\/channel\/UC3Y_XupxCJQ_SGmBKxWQDcg<\/a><br \/>\nHis collaboration with Empanish Productions covers lighting (The Guest, Possession, Roommates, La Cura), editing (La Cura, Modern Life) and animations (Modern Life)<br \/>\nHe also has a big penis (or so he likes to say).<br \/>\n<img loading=\"lazy\" decoding=\"async\" class=\"aligncenter size-full wp-image-580\" alt=\"Thomas Buffaz WEB\" src=\"https:\/\/empanishproductions.com\/wp-content\/uploads\/2014\/04\/Thomas-Buffaz-WEB.jpg\" width=\"1130\" height=\"550\" srcset=\"https:\/\/empanishproductions.com\/wp-content\/uploads\/2014\/04\/Thomas-Buffaz-WEB.jpg 1130w, https:\/\/empanishproductions.com\/wp-content\/uploads\/2014\/04\/Thomas-Buffaz-WEB-300x146.jpg 300w, https:\/\/empanishproductions.com\/wp-content\/uploads\/2014\/04\/Thomas-Buffaz-WEB-510x248.jpg 510w, https:\/\/empanishproductions.com\/wp-content\/uploads\/2014\/04\/Thomas-Buffaz-WEB-600x292.jpg 600w, https:\/\/empanishproductions.com\/wp-content\/uploads\/2014\/04\/Thomas-Buffaz-WEB-900x438.jpg 900w\" sizes=\"auto, (max-width: 1130px) 100vw, 1130px\" \/><\/p>\n<p style=\"text-align: justify;\">\n<p><!--:--><!--:zh-->\u5f88\u4e45\u5f88\u4e45\u4ee5\u524d\u7684\u96fb\u5f71\u7cfb\u7562\u696d\u3002\u5f9e\u90a3\u6642\u958b\u59cb\uff0c\u591a\u746a\u5c31\u4e0d\u505c\u5617\u8a66\u7528\u4e0d\u540c\u7684\u65b9\u6cd5\u4f86\u8aaa\u6545\u4e8b\u3002\u526a\u63a5\u662f\u5b83\u7684\u5c08\u9577\uff0c\u4ed6\u4e5f\u81ea\u7de8\u81ea\u5c0e\u81ea\u5df1\u7684\u77ed\u7247\u3002\u4ed6\u7684\u77ed\u7247\u4e3b\u8ef8\u70ba\u554f\u984c\u6e9d\u901a\u548c\u73fe\u5be6\u7684\u9650\u5236\u3002\u76ee\u524d\u591a\u746a\u81ea\u5df1\u4e00\u4eba\u540c\u6642\u88fd\u4f5c\u4e86\u591a\u90e8\u5e7d\u9ed8\u52d5\u756b\u77ed\u7247\u3002<a href=\"https:\/\/www.youtube.com\/channel\/UC3Y_XupxCJQ_SGmBKxWQDcg\" target=\"_blank\">https:\/\/www.youtube.com\/channel\/UC3Y_XupxCJQ_SGmBKxWQDcg<\/a><\/p>\n<p>\u4ed6\u548cEmpanish\u96fb\u5f71\u516c\u53f8\u7684\u5408\u4f5c\uff0c\u5305\u62ec\u4e86\u71c8\u5149(\u623f\u5ba2, Possession, Roommates, \u76f2\u679c)\uff0c\u526a\u63a5(\u76f2\u679c, Modern Life)\u548c\u52d5\u756b\u88fd\u4f5c(Modern Life)\u3002<\/p>\n<p>\u4ed6\u6709\u4e00\u500b\u5f88\u5927\u7684\u6cd5\u570b\u68d2\u3002<\/p>\n<p style=\"text-align: center;\"><img loading=\"lazy\" decoding=\"async\" class=\"aligncenter size-full wp-image-580\" alt=\"Thomas Buffaz WEB\" src=\"https:\/\/empanishproductions.com\/wp-content\/uploads\/2014\/04\/Thomas-Buffaz-WEB.jpg\" width=\"1130\" height=\"550\" srcset=\"https:\/\/empanishproductions.com\/wp-content\/uploads\/2014\/04\/Thomas-Buffaz-WEB.jpg 1130w, https:\/\/empanishproductions.com\/wp-content\/uploads\/2014\/04\/Thomas-Buffaz-WEB-300x146.jpg 300w, https:\/\/empanishproductions.com\/wp-content\/uploads\/2014\/04\/Thomas-Buffaz-WEB-510x248.jpg 510w, https:\/\/empanishproductions.com\/wp-content\/uploads\/2014\/04\/Thomas-Buffaz-WEB-600x292.jpg 600w, https:\/\/empanishproductions.com\/wp-content\/uploads\/2014\/04\/Thomas-Buffaz-WEB-900x438.jpg 900w\" sizes=\"auto, (max-width: 1130px) 100vw, 1130px\" \/><\/p>\n<p><!--:--><!--:es--><\/p>\n<p style=\"text-align: justify;\"><strong><\/strong>Thomas se gradu\u00f3 hace ya mucho tiempo de Estudios Cinematogr\u00e1ficos, y desde entonces ha estado experimentando con diferentes maneras de contar historias.<br \/>\nEspecializado en la edici\u00f3n, tambi\u00e9n escribe y dirige sus propios cortometrajes. Los principales temas que trata en ellos son los problemas de comunicaci\u00f3n y los l\u00edmites de lo real.<br \/>\nActualmente, Thomas est\u00e1 haciendo peque\u00f1os v\u00eddeos c\u00f3micos de animaci\u00f3n en los que trabaja totalmente solo.<\/p>\n<p><a href=\"https:\/\/www.youtube.com\/channel\/UC3Y_XupxCJQ_SGmBKxWQDcg\" target=\"_blank\">https:\/\/www.youtube.com\/channel\/UC3Y_XupxCJQ_SGmBKxWQDcg<\/a><\/p>\n<p>Su colaboraci\u00f3n con Empanish Productions abarca la iluminaci\u00f3n (The Guest, Posesi\u00f3n, Roommates, La Cura), la edici\u00f3n (La Cura, Tiempos Modernos) y la animaci\u00f3n (Tiempos Modernos)<br \/>\nThomas adem\u00e1s est\u00e1 dotado de un gran pene.<\/p>\n<p style=\"text-align: center;\"><img loading=\"lazy\" decoding=\"async\" class=\"aligncenter size-full wp-image-580\" alt=\"Thomas Buffaz WEB\" src=\"https:\/\/empanishproductions.com\/wp-content\/uploads\/2014\/04\/Thomas-Buffaz-WEB.jpg\" width=\"1130\" height=\"550\" srcset=\"https:\/\/empanishproductions.com\/wp-content\/uploads\/2014\/04\/Thomas-Buffaz-WEB.jpg 1130w, https:\/\/empanishproductions.com\/wp-content\/uploads\/2014\/04\/Thomas-Buffaz-WEB-300x146.jpg 300w, https:\/\/empanishproductions.com\/wp-content\/uploads\/2014\/04\/Thomas-Buffaz-WEB-510x248.jpg 510w, https:\/\/empanishproductions.com\/wp-content\/uploads\/2014\/04\/Thomas-Buffaz-WEB-600x292.jpg 600w, https:\/\/empanishproductions.com\/wp-content\/uploads\/2014\/04\/Thomas-Buffaz-WEB-900x438.jpg 900w\" sizes=\"auto, (max-width: 1130px) 100vw, 1130px\" \/><\/p>\n<p><!--:--><\/p>\n","protected":false},"excerpt":{"rendered":"<p>He got a degree in film studies a long time ago and has been experimenting different ways of storytelling ever since. Specialized in editing, he also writes and directs his own short films. His favorite themes are communication problems and the limits of reality. Currently, Thomas is making short humorous animated films for which he [&hellip;]<\/p>\n","protected":false},"author":1001004,"featured_media":0,"parent":0,"menu_order":0,"comment_status":"closed","ping_status":"closed","template":"","meta":{"footnotes":""},"class_list":["post-348","page","type-page","status-publish","hentry"],"_links":{"self":[{"href":"https:\/\/empanishproductions.com\/index.php?rest_route=\/wp\/v2\/pages\/348","targetHints":{"allow":["GET"]}}],"collection":[{"href":"https:\/\/empanishproductions.com\/index.php?rest_route=\/wp\/v2\/pages"}],"about":[{"href":"https:\/\/empanishproductions.com\/index.php?rest_route=\/wp\/v2\/types\/page"}],"author":[{"embeddable":true,"href":"https:\/\/empanishproductions.com\/index.php?rest_route=\/wp\/v2\/users\/1001004"}],"replies":[{"embeddable":true,"href":"https:\/\/empanishproductions.com\/index.php?rest_route=%2Fwp%2Fv2%2Fcomments&post=348"}],"version-history":[{"count":15,"href":"https:\/\/empanishproductions.com\/index.php?rest_route=\/wp\/v2\/pages\/348\/revisions"}],"predecessor-version":[{"id":742,"href":"https:\/\/empanishproductions.com\/index.php?rest_route=\/wp\/v2\/pages\/348\/revisions\/742"}],"wp:attachment":[{"href":"https:\/\/empanishproductions.com\/index.php?rest_route=%2Fwp%2Fv2%2Fmedia&parent=348"}],"curies":[{"name":"wp","href":"https:\/\/api.w.org\/{rel}","templated":true}]}}