{"id":587,"date":"2014-10-07T01:25:41","date_gmt":"2014-10-07T01:25:41","guid":{"rendered":"http:\/\/empanishproductions.com\/?page_id=587"},"modified":"2014-10-12T04:18:01","modified_gmt":"2014-10-12T04:18:01","slug":"antonio-cardenes","status":"publish","type":"page","link":"https:\/\/empanishproductions.com\/?page_id=587","title":{"rendered":"<!--:en-->Antonio C\u00e1rdenes<!--:--><!--:zh-->Antonio C\u00e1rdenes<!--:--><!--:es-->Antonio C\u00e1rdenes<!--:-->"},"content":{"rendered":"<p><!--:en-->Antonio was born Madrid. Between Spain and Rumania he completed his undergrad studies in Computer Engineering getting his diploma both from \u201cUniversidad Polit\u00e9cnica de Madrid\u201d &amp; \u201cUniversitatea Tehnica din Cluj Napoca\u201d. By that time he was already interested in photography and took some courses in it as well as in photo development in the University&#8217;s laboratory.<\/p>\n<p>He then went to Taiwan to work for the ICEX planning and setting up all the Spanish cultural projects in the country. There he got in touch with Spanish moviemaker Enrique Amador and started to collaborate as cameraman in different projects:\u00a0 \u201cFree\u201d (a documentary about Taiwanese aborigine\u2019s music, the feature film \u201cThe guest\u201d (a rural thriller directed also by Enrique Amador and some other personal projects (short movie \u201cL\u00e1zaro\u201d &amp; \u201cTime\u201d).<\/p>\n<p>Excited by this new application of photography, he decided to give up his professional career and go back to study cinema, so he went to Spain and after being admitted to ECAM he studied cinematography being always the third of his class.<\/p>\n<p>Through the school he met some professionals and started to work in the Spanish movie industry. He specialized in the lights department where he worked as gaffer: Rodrigo Sorogoyen\u2019s feature film \u201cStockholm\u201d (nominated for 2014\u2019s Goyas), a chapter of Nacho Vigalondo\u2019s \u201cSins of the Fathers\u201d, Daniel Remon\u2019s short movie \u201cKoala\u201d, Chapero Jackson\u2019s feature film \u201cLos Mundos Sutiles\u201d (nominated for 2013\u2019s Goyas) &amp; the TV commercial \u201cGQ\u2019s most beautiful man of the year\u201d, Toti Garc\u00eda\u2019s pilot \u201cDirectores Chilenos\u201d as well as several video clips with different directors of photography: Alejandro de Pablo (AEC), Aitor Uribarri (AEC), C\u00e9sar P\u00e9rez (AEC), Esteban Ramos (AEC), Victor Benavides (AEC), Rafa Roche, Mario L\u00f3pez, Paloma Banderas (AEC) and Josu Mart\u00edn (AEC).<\/p>\n<p>As a director of photography himself he has work in Nicol\u00e1s Balbont\u00edn\u2019s documentary \u201cRoberto Edwards\u201d, the tv commercial \u201cAshoka Fellows\u201d and the sort documentary \u201cLa matanza del cerdo\u201d; also in Diana Nava\u2019s \u201cEl techo era el cielo\u201d, in Carlos Cuervo\u2019s video clip \u201cAstrid\u201d and the TV commercial \u201cOrange \u2013 Beach Resort\u201d.<\/p>\n<p>At present he works in Santo Domingo, mostly in publicity but he has also taken part in Roberto Salcedo\u2019s feature film \u201cVamos de Robo\u201d, Ramses Jimenez\u2019s \u201cIsolated Victim\u201d and Santiago Segura\u2019s \u201cTorrente V\u201d.<\/p>\n<p>[masterslider id=9]<!--:--><!--:es--><\/p>\n<p style=\"text-align: justify;\"><strong><\/strong>Antonio naci\u00f3 en Madrid. Entre Espa\u00f1a y Ruman\u00eda curs\u00f3 la carrera de Ingenier\u00eda Superior en Inform\u00e1tica, obteniendo el t\u00edtulo de la Universidad Polit\u00e9cnica de Madrid y de la Universitatea Tehnica din Cluj Napoca. Ya interesado por la fotograf\u00eda, coordinaba y daba cursos de fotograf\u00eda y revelado en el laboratorio de la universidad. Tras entrar en contacto con el cineasta Enrique Amador en Taiw\u00e1n, mientras trabajaba para el ICEX organizando las actividades culturales espa\u00f1olas, comienza a operar la c\u00e1mara en diversos proyectos: \u201cFree\u201d documental sobre la m\u00fasica de los abor\u00edgenes taiwaneses, el largometraje \u201cThe guest\u201d un thriler rural dirigido por el mismo cineasta y algunos proyectos personales, como el cortometraje \u201cL\u00e1zaro\u201d y \u201cEl tiempo\u201d. Emocionado por esta nueva aplicaci\u00f3n de la fotograf\u00eda decide abandonar su carrera y cursar una formaci\u00f3n reglada, para lo que vuelve a Espa\u00f1a a estudiar direcci\u00f3n de fotograf\u00eda en la ECAM, donde se mantiene siempre el tercero de su promoci\u00f3n.<\/p>\n<p>Gracias a la escuela entra en contacto con profesionales en activo y comienza a trabajar en la industria espa\u00f1ola. Se especiliza en el departamento de luces donde realiza los siguientes trabajos como gaffer: el largometraje \u201cStockholm\u201d de Rodrigo Sorogoyen, nominado a los Goya 2014, un cap\u00edtulo de \u201cSins of the fathers\u201d de Nacho Vigalondo, el cortometraje \u201cKoala\u201d de Daniel Rem\u00f3n, el largometraje \u201cLos mundos sutiles\u201d de Chapero Jackson nominado a los Goya 2013, el comercial \u201cGQ el hombre m\u00e1s guapo del\u00a0 a\u00f1o\u201d de Chapero Jackson, el piloto de largometraje \u201cDirectores Chilenos\u201d de Toti Garc\u00eda y diversos videoclips con los directores de fotograf\u00eda: Alejandro de Pablo (AEC), Aitor Uribarri (AEC), C\u00e9sar P\u00e9rez (AEC), Esteban Ramos (AEC), Victor Benavides (AEC), Rafa Roche, Mario L\u00f3pez, Paloma Banderas (AEC) y Josu Mart\u00edn (AEC).<\/p>\n<p>Como director de fotograf\u00eda ha participado en los siguientes proyectos: largometraje documental \u201cRoberto Edwards\u201d de Nicol\u00e1s Balbont\u00edn, el comercial \u201cAshoka Fellows\u201d de Nicol\u00e1s Balbont\u00edn, el cortometraje documental \u201cLa matanza del cerdo\u201d, un cap\u00edtulo del documental \u201cEl techo era el cielo\u201d de Diana Navas, el videoclip \u201cAstrid\u201d de Carlos Cuervo, el comercial \u201cOrange \u2013 Beach Resort\u201d.<\/p>\n<p>En la actualidad trabaja en Santo Domingo, generalmente en publicidad aunque tambi\u00e9n ha participado en los largometrajes \u201cVamos de Robo\u201d de Roberto Salcedo, \u201cIsolated Victim\u201d de Ramses Jimenez y \u201cTorrente V\u201d de Santiago Segura.<\/p>\n<p>[masterslider id=9]<!--:--><\/p>\n","protected":false},"excerpt":{"rendered":"<p>Antonio was born Madrid. Between Spain and Rumania he completed his undergrad studies in Computer Engineering getting his diploma both from \u201cUniversidad Polit\u00e9cnica de Madrid\u201d &amp; \u201cUniversitatea Tehnica din Cluj Napoca\u201d. By that time he was already interested in photography and took some courses in it as well as in photo development in the University&#8217;s [&hellip;]<\/p>\n","protected":false},"author":1001002,"featured_media":0,"parent":0,"menu_order":0,"comment_status":"closed","ping_status":"closed","template":"","meta":{"footnotes":""},"class_list":["post-587","page","type-page","status-publish","hentry"],"_links":{"self":[{"href":"https:\/\/empanishproductions.com\/index.php?rest_route=\/wp\/v2\/pages\/587","targetHints":{"allow":["GET"]}}],"collection":[{"href":"https:\/\/empanishproductions.com\/index.php?rest_route=\/wp\/v2\/pages"}],"about":[{"href":"https:\/\/empanishproductions.com\/index.php?rest_route=\/wp\/v2\/types\/page"}],"author":[{"embeddable":true,"href":"https:\/\/empanishproductions.com\/index.php?rest_route=\/wp\/v2\/users\/1001002"}],"replies":[{"embeddable":true,"href":"https:\/\/empanishproductions.com\/index.php?rest_route=%2Fwp%2Fv2%2Fcomments&post=587"}],"version-history":[{"count":9,"href":"https:\/\/empanishproductions.com\/index.php?rest_route=\/wp\/v2\/pages\/587\/revisions"}],"predecessor-version":[{"id":1443,"href":"https:\/\/empanishproductions.com\/index.php?rest_route=\/wp\/v2\/pages\/587\/revisions\/1443"}],"wp:attachment":[{"href":"https:\/\/empanishproductions.com\/index.php?rest_route=%2Fwp%2Fv2%2Fmedia&parent=587"}],"curies":[{"name":"wp","href":"https:\/\/api.w.org\/{rel}","templated":true}]}}