{"id":590,"date":"2014-10-07T01:29:33","date_gmt":"2014-10-07T01:29:33","guid":{"rendered":"http:\/\/empanishproductions.com\/?page_id=590"},"modified":"2014-10-10T11:28:20","modified_gmt":"2014-10-10T11:28:20","slug":"beatriz-pages","status":"publish","type":"page","link":"https:\/\/empanishproductions.com\/?page_id=590","title":{"rendered":"<!--:en-->Beatriz Pag\u00e9s<!--:--><!--:zh-->Beatriz Pag\u00e9s<!--:--><!--:es-->Beatriz Pag\u00e9s<!--:-->"},"content":{"rendered":"<p><!--:en--><\/p>\n<p style=\"text-align: justify;\"><strong><\/strong>Beatriz Pag\u00e9s was born in Madrid, Spain. She got her bachelor degree in Audiovisual Performances at CES. After that she decided to specialize in Cinematography at ECAM (Madrid\u2019s Official Cinema School). During that years she also took some courses in \u201cVisual Poetry and Creativity\u201d, given by poet and performer Giusseppe Dom\u00ednguez.<br \/>\nShe has worked in feature films: Santiago Segura\u2019s \u201cTorrente 5\u201d, Roberto Salcedo\u2019s \u201cVamos de robo\u201d, Rodrigo Sorogoyen\u2019s \u201cStockholm\u201d, Archie Lopez\u2019s \u201cLotoman 003\u201d, Nacho Vigalonodo\u2019s \u201cSins of the  Fathers\u201d &#038; Aitor Uribarri\u2019s \u201cHorizonte\u201d.<br \/>\nShe has also worked in Daniel Rem\u00f3n\u2019s short movie \u201cKoala\u201d, documentaries (Enrique Amador\u2019s \u201cFree\u201d, Jose Andr\u00e9s  Osma\u2019s \u201cArquitectura para  profanos\u201d &#038; Joaqu\u00edn Escaso\u2019s \u201cMa\u00f1ana podr\u00eda estar muerto\u201d) and in publicity (Ikea,  BBVA, Canal +, Sony, Nintendo, Burguer King,  Orange, Brahma) Video-art pieces, and Daniel Abad\u2019s \u201cDiario de sue\u00f1os\u201d.<br \/>\nShe has been nominated  as Best Director of Photography at \u201cCamerimage 2013&#8217;s movie festival for her work in \u00abLa Cicatriz\u00bb.<br \/>\nShe has worked as Cinematographer in Taiw\u00e1n, Spain, Chile &#038; Rep\u00fablica Dominicana where she actually lives.<\/p>\n<p>[masterslider id=8]<!--:--><!--:es--><\/p>\n<p style=\"text-align: justify;\"><strong><\/strong>Beatriz Pages naci\u00f3 \u00a0en Madrid. Curs\u00f3 el grado superior de Realizaci\u00f3n de Espect\u00e1culos \u00a0Audiovisuales en la Escuela \u00a0CES. Posteriormente decide especializarse en Direcci\u00f3n de Fotograf\u00eda en la ECAM (Escuela de Cine de la Comunidad de Madrid). En estos \u00a0a\u00f1os tambi\u00e9n ha recibido clases \u00a0de \u201cPoes\u00eda visual y creatividad\u201d, a cargo \u00a0del poeta y performer Giusseppe Dominguez.<br \/>\nDesde \u00a0que se graduad\u00f3 en el CES, ha participado en proyectos tanto de ficci\u00f3n \u201cTorrente 5\u201d de Santiago Segura \u00a0(largometraje), \u201cVamos de robo\u201d de Roberto Salcedo \u00a0(largometraje), \u201cStockholm\u201d de Rodrigo Sorogoyen (largometraje), \u201cLotoman 003\u201d de Archie \u00a0L\u00f3pez (largometraje), \u201cSins of the \u00a0Fathers\u201d de Nacho \u00a0Vigalondo (segmento de una pel\u00edcula colectiva), \u201cHorizonte\u201d de Aitor \u00a0Uribarri (cortometraje), \u201cKoala\u201d de Daniel Rem\u00f3n \u00a0(cortometraje). Publicidad (Ikea, \u00a0BBVA, Canal +, Sony, Nintendo, Burguer King, \u00a0Orange, Brahma) Piezas de Video-arte, \u201cDiario de sue\u00f1os\u201d de Daniel Abad, \u00a0como Documental \u00a0\u201cFree\u201d de Enrique Amador, \u201cArquitectura para \u00a0profanos\u201d de Jose Andr\u00e9s \u00a0Osma o \u201cMa\u00f1ana podr\u00eda estar muerto\u201d de Joaqu\u00edn Escaso.<br \/>\nComo directora de fotograf\u00eda ha sido nominada a mejor fotograf\u00eda en el festival de cine \u00a0\u201cCamerimage 2013\u201d por su trabajo en \u201cLa Cicatriz\u201d.<br \/>\nHa desarrollado su labor \u00a0profesional en pa\u00edses como \u00a0Taiw\u00e1n, Espa\u00f1a, Chile y Rep\u00fablica Dominicana.<\/p>\n<p>[masterslider id=8]<!--:--><\/p>\n","protected":false},"excerpt":{"rendered":"<p>Beatriz Pag\u00e9s was born in Madrid, Spain. She got her bachelor degree in Audiovisual Performances at CES. After that she decided to specialize in Cinematography at ECAM (Madrid\u2019s Official Cinema School). During that years she also took some courses in \u201cVisual Poetry and Creativity\u201d, given by poet and performer Giusseppe Dom\u00ednguez. She has worked in [&hellip;]<\/p>\n","protected":false},"author":1001002,"featured_media":0,"parent":0,"menu_order":0,"comment_status":"closed","ping_status":"closed","template":"","meta":{"footnotes":""},"class_list":["post-590","page","type-page","status-publish","hentry"],"_links":{"self":[{"href":"https:\/\/empanishproductions.com\/index.php?rest_route=\/wp\/v2\/pages\/590","targetHints":{"allow":["GET"]}}],"collection":[{"href":"https:\/\/empanishproductions.com\/index.php?rest_route=\/wp\/v2\/pages"}],"about":[{"href":"https:\/\/empanishproductions.com\/index.php?rest_route=\/wp\/v2\/types\/page"}],"author":[{"embeddable":true,"href":"https:\/\/empanishproductions.com\/index.php?rest_route=\/wp\/v2\/users\/1001002"}],"replies":[{"embeddable":true,"href":"https:\/\/empanishproductions.com\/index.php?rest_route=%2Fwp%2Fv2%2Fcomments&post=590"}],"version-history":[{"count":8,"href":"https:\/\/empanishproductions.com\/index.php?rest_route=\/wp\/v2\/pages\/590\/revisions"}],"predecessor-version":[{"id":1420,"href":"https:\/\/empanishproductions.com\/index.php?rest_route=\/wp\/v2\/pages\/590\/revisions\/1420"}],"wp:attachment":[{"href":"https:\/\/empanishproductions.com\/index.php?rest_route=%2Fwp%2Fv2%2Fmedia&parent=590"}],"curies":[{"name":"wp","href":"https:\/\/api.w.org\/{rel}","templated":true}]}}